{"id":1879,"date":"2022-11-03T16:18:54","date_gmt":"2022-11-03T15:18:54","guid":{"rendered":"https:\/\/testbeta.desarrolloproyectoswp.com\/politica-de-privacidad\/"},"modified":"2023-06-07T09:00:11","modified_gmt":"2023-06-07T07:00:11","slug":"privacy-policy","status":"publish","type":"page","link":"https:\/\/testbeta.desarrolloproyectoswp.com\/en\/privacy-policy\/","title":{"rendered":"Privacy Policy"},"content":{"rendered":"<section class=\"l-section wpb_row height_medium\"><div class=\"l-section-h i-cf\"><div class=\"g-cols vc_row via_flex valign_top type_default stacking_default\"><div class=\"vc_col-sm-12 wpb_column vc_column_container\"><div class=\"vc_column-inner\"><div class=\"wpb_wrapper\"><h1 class=\"w-post-elm post_title entry-title color_link_inherit\">Privacy Policy<\/h1><div class=\"wpb_text_column\"><div class=\"wpb_wrapper\"><p><strong>Datos relativos al Responsable<\/strong><\/p>\n<p><strong>Responsable Tratamiento<\/strong><br \/>\n\u2013 Entidad: METAL DESIGN EUROPA SLU<br \/>\n\u2013 CIF de la entidad: B54926399<br \/>\n\u2013 Direccion de la entidad: VIAL DE LOS CIPRESES NAVE 12. 03006. ALICANTE.<br \/>\n\u2013 Email de la entidad: INFO@COVERTTO.COM<br \/>\n\u2013 Responsable del tratamiento : METAL DESIGN EUROPA SLU<br \/>\n\u2013 Tel\u00e9fono del Responsable del tratamiento : +34 965 080 640<br \/>\n\u2013 Direcci\u00f3n email del Responsable del tratamiento : INFO@COVERTTO.COM<\/p>\n<p><strong>Finalidades<\/strong><\/p>\n<p>En cumplimiento de lo dispuesto en el Reglamento Europeo 2016\/679 General de Protecci\u00f3n de Datos y la Ley Org\u00e1nica 3\/2018 de Protecci\u00f3n de Datos Personales y Garant\u00eda de Derechos Digitales, le informamos de que, dependiendo de la relaci\u00f3n que tenga con nosotros, en\u00a0METAL DESIGN EUROPA SLU\u00a0tratamos los datos que nos facilita para alguna, o todas, las siguientes finalidades:<\/p>\n<p>Env\u00edo de informaci\u00f3n comercial de la entidad mediante correo postal, correo electr\u00f3nico u otros<br \/>\nPlazo de conservaci\u00f3n de los datos<\/p>\n<p>Sus datos ser\u00e1n conservados en un tiempo indefinido, comercial o de otro tipo con nuestra entidad, solicite su supresi\u00f3n, as\u00ed mismo los datos ser\u00e1n almacenados el tiempo necesario para cumplir las obligaciones legales.<\/p>\n<p><strong>Legitimaci\u00f3n<\/strong><\/p>\n<p>La base legal para el tratamiento de tus datos radica por:<\/p>\n<p>Consentimiento inequ\u00edvoco<\/p>\n<p><strong>Destinatarios<\/strong><\/p>\n<p>Sus datos personales ser\u00e1n comunicados a terceros en los siguientes supuestos:<\/p>\n<p>No comparto los datos con terceros.<\/p>\n<p><strong>Derechos<\/strong><\/p>\n<p>Tiene derecho a obtener confirmaci\u00f3n sobre si en\u00a0METAL DESIGN EUROPA SLU\u00a0estamos tratando datos personales que le conciernan, o no.<\/p>\n<p>Asimismo, tiene derecho de acceso a sus datos personales, as\u00ed como a solicitar la\u00a0rectificaci\u00f3n\u00a0de los datos inexactos o, en su caso, solicitar su\u00a0supresi\u00f3n\u00a0cuando, entre otros motivos, los datos ya no sean necesarios para los fines que fueron recogidos.<\/p>\n<p>En determinadas circunstancias, podr\u00e1 solicitar la\u00a0limitaci\u00f3n del tratamiento\u00a0de sus datos, en cuyo caso \u00fanicamente los conservaremos para el ejercicio o la defensa de reclamaciones.<\/p>\n<p>Adicionalmente, en determinadas circunstancias y por motivos relacionados con tu situaci\u00f3n particular, podr\u00e1 ejercer el derecho de\u00a0oposici\u00f3n\u00a0al tratamiento de sus datos.\u00a0METAL DESIGN EUROPA SLU\u00a0dejar\u00e1 de tratar los datos, salvo por motivos leg\u00edtimos imperiosos, o el ejercicio o la defensa de posibles reclamaciones.<\/p>\n<p>Asimismo, puede ejercer el derecho a la\u00a0portabilidad\u00a0de los datos, as\u00ed como retirar los consentimientos facilitados en cualquier momento, sin que ello afecte a la licitud del tratamiento basado en el consentimiento previo a su retirada.<\/p>\n<p>Si desea hacer uso de cualquiera de tus derechos puede realizarlos a trav\u00e9s del correo electr\u00f3nico: info@testbeta.desarrolloproyectoswp.com.<\/p>\n<p>Alternativamente, tambi\u00e9n puede dirigirse a nosotros mediante correo postal a la siguiente direcci\u00f3n:\u00a0VIAL DE LOS CIPRESES NAVE 12. 03006. ALICANTE.\u00a0adjuntado una fotocopia del DNI, para la certeza de su identidad. Recuerde facilitar la mayor informaci\u00f3n posible sobre su solicitud: Nombre y apellidos, direcci\u00f3n de correo electr\u00f3nico que utiliza para la cuenta o portal objeto de tu solicitud.<\/p>\n<p>Por \u00faltimo, le informamos que puede dirigirse ante la Agencia Espa\u00f1ola de Protecci\u00f3n de Datos y dem\u00e1s organismos p\u00fablicos competentes para cualquier reclamaci\u00f3n derivada del tratamiento de tus datos personales.<\/p>\n<p><strong>Pol\u00edtica de cookies<\/strong><\/p>\n<p>Para conocer las cookies que utilizamos en nuestra p\u00e1gina, recuerde que puede acceder a nuestra Pol\u00edtica de Cookies a trav\u00e9s del siguiente enlace\u00a0<a href=\"https:\/\/testbeta.desarrolloproyectoswp.com\/en\/cookies-policy\/\">pol\u00edtica de cookie<\/a>s.<\/p>\n<\/div><\/div><\/div><\/div><\/div><\/div><\/div><\/section>\n","protected":false},"excerpt":{"rendered":"Privacy PolicyDatos relativos al Responsable Responsable Tratamiento \u2013 Entidad: METAL DESIGN EUROPA SLU \u2013 CIF de la entidad: B54926399 \u2013 Direccion de la entidad: VIAL DE LOS CIPRESES NAVE 12. 03006. ALICANTE. \u2013 Email de la entidad: INFO@COVERTTO.COM \u2013 Responsable del tratamiento : METAL DESIGN EUROPA SLU \u2013 Tel\u00e9fono del Responsable del tratamiento : +34...","protected":false},"author":2,"featured_media":0,"parent":0,"menu_order":0,"comment_status":"closed","ping_status":"closed","template":"","meta":{"footnotes":""},"class_list":["post-1879","page","type-page","status-publish","hentry"],"acf":[],"yoast_head":"<!-- This site is optimized with the Yoast SEO plugin v27.2 - https:\/\/yoast.com\/product\/yoast-seo-wordpress\/ -->\n<title>Privacy Policy - Covertto<\/title>\n<meta name=\"robots\" content=\"index, follow, max-snippet:-1, max-image-preview:large, max-video-preview:-1\" \/>\n<link rel=\"canonical\" href=\"https:\/\/testbeta.desarrolloproyectoswp.com\/en\/privacy-policy\/\" \/>\n<meta property=\"og:locale\" content=\"en_US\" \/>\n<meta property=\"og:type\" content=\"article\" \/>\n<meta property=\"og:title\" content=\"Privacy Policy - Covertto\" \/>\n<meta property=\"og:url\" content=\"https:\/\/testbeta.desarrolloproyectoswp.com\/en\/privacy-policy\/\" \/>\n<meta property=\"og:site_name\" content=\"Covertto\" \/>\n<meta property=\"article:modified_time\" content=\"2023-06-07T07:00:11+00:00\" \/>\n<meta name=\"twitter:card\" content=\"summary_large_image\" \/>\n<meta name=\"twitter:label1\" content=\"Est. reading time\" \/>\n\t<meta name=\"twitter:data1\" content=\"3 minutes\" \/>\n<script type=\"application\/ld+json\" class=\"yoast-schema-graph\">{\"@context\":\"https:\/\/schema.org\",\"@graph\":[{\"@type\":\"WebPage\",\"@id\":\"https:\/\/testbeta.desarrolloproyectoswp.com\/en\/privacy-policy\/\",\"url\":\"https:\/\/testbeta.desarrolloproyectoswp.com\/en\/privacy-policy\/\",\"name\":\"Privacy Policy - Covertto\",\"isPartOf\":{\"@id\":\"https:\/\/testbeta.desarrolloproyectoswp.com\/en\/#website\"},\"datePublished\":\"2022-11-03T15:18:54+00:00\",\"dateModified\":\"2023-06-07T07:00:11+00:00\",\"breadcrumb\":{\"@id\":\"https:\/\/testbeta.desarrolloproyectoswp.com\/en\/privacy-policy\/#breadcrumb\"},\"inLanguage\":\"en-US\",\"potentialAction\":[{\"@type\":\"ReadAction\",\"target\":[\"https:\/\/testbeta.desarrolloproyectoswp.com\/en\/privacy-policy\/\"]}]},{\"@type\":\"BreadcrumbList\",\"@id\":\"https:\/\/testbeta.desarrolloproyectoswp.com\/en\/privacy-policy\/#breadcrumb\",\"itemListElement\":[{\"@type\":\"ListItem\",\"position\":1,\"name\":\"Portada\",\"item\":\"https:\/\/testbeta.desarrolloproyectoswp.com\/en\/\"},{\"@type\":\"ListItem\",\"position\":2,\"name\":\"Privacy Policy\"}]},{\"@type\":\"WebSite\",\"@id\":\"https:\/\/testbeta.desarrolloproyectoswp.com\/en\/#website\",\"url\":\"https:\/\/testbeta.desarrolloproyectoswp.com\/en\/\",\"name\":\"Covertto\",\"description\":\"Cubiertas para Piscinas en Aluminio\",\"potentialAction\":[{\"@type\":\"SearchAction\",\"target\":{\"@type\":\"EntryPoint\",\"urlTemplate\":\"https:\/\/testbeta.desarrolloproyectoswp.com\/en\/?s={search_term_string}\"},\"query-input\":{\"@type\":\"PropertyValueSpecification\",\"valueRequired\":true,\"valueName\":\"search_term_string\"}}],\"inLanguage\":\"en-US\"}]}<\/script>\n<!-- \/ Yoast SEO plugin. -->","yoast_head_json":{"title":"Privacy Policy - Covertto","robots":{"index":"index","follow":"follow","max-snippet":"max-snippet:-1","max-image-preview":"max-image-preview:large","max-video-preview":"max-video-preview:-1"},"canonical":"https:\/\/testbeta.desarrolloproyectoswp.com\/en\/privacy-policy\/","og_locale":"en_US","og_type":"article","og_title":"Privacy Policy - Covertto","og_url":"https:\/\/testbeta.desarrolloproyectoswp.com\/en\/privacy-policy\/","og_site_name":"Covertto","article_modified_time":"2023-06-07T07:00:11+00:00","twitter_card":"summary_large_image","twitter_misc":{"Est. reading time":"3 minutes"},"schema":{"@context":"https:\/\/schema.org","@graph":[{"@type":"WebPage","@id":"https:\/\/testbeta.desarrolloproyectoswp.com\/en\/privacy-policy\/","url":"https:\/\/testbeta.desarrolloproyectoswp.com\/en\/privacy-policy\/","name":"Privacy Policy - Covertto","isPartOf":{"@id":"https:\/\/testbeta.desarrolloproyectoswp.com\/en\/#website"},"datePublished":"2022-11-03T15:18:54+00:00","dateModified":"2023-06-07T07:00:11+00:00","breadcrumb":{"@id":"https:\/\/testbeta.desarrolloproyectoswp.com\/en\/privacy-policy\/#breadcrumb"},"inLanguage":"en-US","potentialAction":[{"@type":"ReadAction","target":["https:\/\/testbeta.desarrolloproyectoswp.com\/en\/privacy-policy\/"]}]},{"@type":"BreadcrumbList","@id":"https:\/\/testbeta.desarrolloproyectoswp.com\/en\/privacy-policy\/#breadcrumb","itemListElement":[{"@type":"ListItem","position":1,"name":"Portada","item":"https:\/\/testbeta.desarrolloproyectoswp.com\/en\/"},{"@type":"ListItem","position":2,"name":"Privacy Policy"}]},{"@type":"WebSite","@id":"https:\/\/testbeta.desarrolloproyectoswp.com\/en\/#website","url":"https:\/\/testbeta.desarrolloproyectoswp.com\/en\/","name":"Covertto","description":"Cubiertas para Piscinas en Aluminio","potentialAction":[{"@type":"SearchAction","target":{"@type":"EntryPoint","urlTemplate":"https:\/\/testbeta.desarrolloproyectoswp.com\/en\/?s={search_term_string}"},"query-input":{"@type":"PropertyValueSpecification","valueRequired":true,"valueName":"search_term_string"}}],"inLanguage":"en-US"}]}},"_links":{"self":[{"href":"https:\/\/testbeta.desarrolloproyectoswp.com\/en\/wp-json\/wp\/v2\/pages\/1879","targetHints":{"allow":["GET"]}}],"collection":[{"href":"https:\/\/testbeta.desarrolloproyectoswp.com\/en\/wp-json\/wp\/v2\/pages"}],"about":[{"href":"https:\/\/testbeta.desarrolloproyectoswp.com\/en\/wp-json\/wp\/v2\/types\/page"}],"author":[{"embeddable":true,"href":"https:\/\/testbeta.desarrolloproyectoswp.com\/en\/wp-json\/wp\/v2\/users\/2"}],"replies":[{"embeddable":true,"href":"https:\/\/testbeta.desarrolloproyectoswp.com\/en\/wp-json\/wp\/v2\/comments?post=1879"}],"version-history":[{"count":2,"href":"https:\/\/testbeta.desarrolloproyectoswp.com\/en\/wp-json\/wp\/v2\/pages\/1879\/revisions"}],"predecessor-version":[{"id":3128,"href":"https:\/\/testbeta.desarrolloproyectoswp.com\/en\/wp-json\/wp\/v2\/pages\/1879\/revisions\/3128"}],"wp:attachment":[{"href":"https:\/\/testbeta.desarrolloproyectoswp.com\/en\/wp-json\/wp\/v2\/media?parent=1879"}],"curies":[{"name":"wp","href":"https:\/\/api.w.org\/{rel}","templated":true}]}}