{"id":1881,"date":"2022-11-03T16:19:36","date_gmt":"2022-11-03T15:19:36","guid":{"rendered":"https:\/\/testbeta.desarrolloproyectoswp.com\/politica-de-cookies\/"},"modified":"2023-05-30T19:36:11","modified_gmt":"2023-05-30T17:36:11","slug":"cookies-policy","status":"publish","type":"page","link":"https:\/\/testbeta.desarrolloproyectoswp.com\/en\/cookies-policy\/","title":{"rendered":"Cookies policy"},"content":{"rendered":"<section class=\"l-section wpb_row height_medium\"><div class=\"l-section-h i-cf\"><div class=\"g-cols vc_row via_flex valign_top type_default stacking_default\"><div class=\"vc_col-sm-12 wpb_column vc_column_container\"><div class=\"vc_column-inner\"><div class=\"wpb_wrapper\"><h1 class=\"w-post-elm post_title entry-title color_link_inherit\">Cookies policy<\/h1><div class=\"wpb_text_column\"><div class=\"wpb_wrapper\"><p><strong>Informaci\u00f3n General de las cookies<\/strong><\/p>\n<p>La confianza del usuario es importante para nosotros, y por consiguiente, en <strong>METAL DESIGN EUROPA SLU<\/strong> nos preocupa proteger su privacidad. Un aspecto importante de esto es proporcionarle toda la informaci\u00f3n posible sobre c\u00f3mo utilizamos tus datos de car\u00e1cter personal, incluso c\u00f3mo utilizamos el almacenamiento local de datos y tecnolog\u00eda similar<\/p>\n<p>El almacenamiento local de datos implica almacenar diferentes tipos de datos localmente en su dispositivo a trav\u00e9s de su navegador web. Los datos almacenados localmente pueden, por ejemplo, contener la configuraci\u00f3n del usuario, informaci\u00f3n sobre c\u00f3mo navega por nuestro sitio web, qu\u00e9 navegador web utiliza, qu\u00e9 anuncios se han mostrado, y el comportamiento similar en sitios web con los que colaboramos. Los datos almacenados localmente pueden ser utilizados para personalizar el contenido y las funciones en nuestros servicios de forma que sus visitas sean m\u00e1s c\u00f3modas y tengan m\u00e1s sentido.<\/p>\n<p>Un m\u00e9todo de almacenamiento local de datos son las cookies. Las cookies son peque\u00f1os archivos de texto que se almacenan en su dispositivo (PC, tel\u00e9fono m\u00f3vil o tableta) que nos permiten reconocer su navegador web. Las cookies contienen informaci\u00f3n principalmente sobre su navegador web y sobre cualquier actividad que se ha producido en \u00e9l. Nos ayudan a garantizar la seguridad y el funcionamiento \u00f3ptimo de nuestro sitio web, una vez sale de nuestra web estas son eliminadas (cookies de seguridad y cookies de sesi\u00f3n) y recogen informaci\u00f3n sobre los productos que les interesan a nuestras visitas de internet y sobre c\u00f3mo navegan a trav\u00e9s de nuestro sitio web para que nuestras ofertas online sean m\u00e1s atractivas para los usuarios (cookies de seguimiento).<\/p>\n<p><strong>Informaci\u00f3n complementaria de la cookies<\/strong><\/p>\n<p>Utilizamos el almacenamiento local de datos para una serie de fines, tales como: permitirnos realizar nuestros servicios; aportarte contenido pertinente, personalizado cuando visitas nuestros sitios web; medir y analizar el tr\u00e1fico en nuestro sitio web; mejorar nuestros servicios; y dirigir publicidad espec\u00edfica. A continuaci\u00f3n, se ofrecen m\u00e1s detalles sobre estos temas:<\/p>\n<ul>\n<li style=\"list-style-type: none;\">\n<ul>\n<li>Para nuestra publicidad<\/li>\n<\/ul>\n<\/li>\n<\/ul>\n<p>Utilizamos el almacenamiento local de datos en relaci\u00f3n con las actividades publicitarias. Esto nos permite saber si y con frecuencia el usuario ha visto un anuncio o determinado tipo de anuncio, y cu\u00e1nto tiempo hace que lo vio.<\/p>\n<p>Tambi\u00e9n utilizamos el almacenamiento local de datos para construir segmentos y grupos objetivo con fines de marketing y para dirigir anuncios espec\u00edficos.<\/p>\n<ul>\n<li style=\"list-style-type: none;\">\n<ul>\n<li>Para analizar y mejorar nuestros servicios<\/li>\n<\/ul>\n<\/li>\n<\/ul>\n<p>Utilizamos diversas herramientas de medici\u00f3n que nos proporcionan estad\u00edsticas y an\u00e1lisis relativos a nuestros servicios. Estas herramientas nos permiten reconocer el navegador web a lo largo del tiempo y averiguar si el usuario ha visitado el sitio web anteriormente y si es as\u00ed con qu\u00e9 frecuencia. Estas herramientas nos ofrecen la posibilidad de lograr una visi\u00f3n general de cu\u00e1ntos usuarios \u00fanicos tenemos y c\u00f3mo utilizan nuestros servicios.<\/p>\n<p>Asimismo, utilizamos la informaci\u00f3n que hemos recogido y analizado para desarrollar y mejorar nuestros servicios; por ejemplo, averiguando qu\u00e9 servicios generan mucho tr\u00e1fico o viendo si un servicio est\u00e1 funcionando de manera \u00f3ptima.<\/p>\n<ul>\n<li style=\"list-style-type: none;\">\n<ul>\n<li>Para entregar y adaptar los servicios a su uso<\/li>\n<\/ul>\n<\/li>\n<\/ul>\n<p>Se requiere y es necesario el almacenamiento local de datos con el fin de permitirte utilizar nuestros servicios, tales como informaci\u00f3n sobre su configuraci\u00f3n, que nos dice c\u00f3mo deben presentarse los servicios en tu navegador web.<\/p>\n<p>Tambi\u00e9n utilizamos el almacenamiento local de datos para adaptar nuestros servicios a su uso lo mejor posible.<\/p>\n<p>Los tipos de cookies seg\u00fan su finalidad:<\/p>\n<ul>\n<li><strong>Cookies t\u00e9cnicas:<\/strong> Son aqu\u00e9llas que permiten al usuario la navegaci\u00f3n a trav\u00e9s de una p\u00e1gina web, plataforma o aplicaci\u00f3n y la utilizaci\u00f3n de las diferentes opciones o servicios que en ella existan como, por ejemplo, controlar el tr\u00e1fico y la comunicaci\u00f3n de datos, identificar la sesi\u00f3n, acceder a partes de acceso restringido, recordar los elementos que integran un pedido, realizar el proceso de compra de un pedido, realizar la solicitud de inscripci\u00f3n o participaci\u00f3n en un evento, utilizar elementos de seguridad durante la navegaci\u00f3n, almacenar contenidos para la difusi\u00f3n de videos o sonido o compartir contenidos a trav\u00e9s de redes sociales.<\/li>\n<li><strong>Cookies de personalizaci\u00f3n<\/strong>: Son aqu\u00e9llas que permiten al usuario acceder al servicio con algunas caracter\u00edsticas de car\u00e1cter general predefinidas en funci\u00f3n de una serie de criterios en el terminal del usuario como por ejemplo serian el idioma, el tipo de navegador a trav\u00e9s del cual accede al servicio, la configuraci\u00f3n regional desde donde accede al servicio, etc.<\/li>\n<li><strong>Cookies de an\u00e1lisis:<\/strong> Son aqu\u00e9llas que permiten al responsable de las mismas, el seguimiento y an\u00e1lisis del comportamiento de los usuarios de los sitios web a los que est\u00e1n vinculadas. La informaci\u00f3n recogida mediante este tipo de cookies se utiliza en la medici\u00f3n de la actividad de los sitios web, aplicaci\u00f3n o plataforma y para la elaboraci\u00f3n de perfiles de navegaci\u00f3n de los usuarios de dichos sitios, aplicaciones y plataformas, con el fin de introducir mejoras en funci\u00f3n del an\u00e1lisis de los datos de uso que hacen los usuarios del servicio.<\/li>\n<li><strong>Cookies publicitarias:<\/strong> Son aqu\u00e9llas que permiten la gesti\u00f3n, de la forma m\u00e1s eficaz posible, de los espacios publicitarios que, en su caso, el editor haya incluido en una p\u00e1gina web, aplicaci\u00f3n o plataforma desde la que presta el servicio solicitado en base a criterios como el contenido editado o la frecuencia en la que se muestran los anuncios.<\/li>\n<\/ul>\n<p><strong>Gesti\u00f3n de las cookies<\/strong><\/p>\n<p>Puede desactivar las cookies o configurar su navegador para que le avise cuando te env\u00edan una cookie.<\/p>\n<p>La configuraci\u00f3n en su navegador web normalmente muestra una lista de todas las cookies que han sido almacenadas para proporcionarle una visi\u00f3n general y, si lo desea, para eliminar las cookies no deseadas. Normalmente, puede indicar que acepta el almacenamiento de cookies de los sitios web que visitas o de terceros afiliados a dichos sitios web. Tambi\u00e9n puede escoger ser notificado cada vez que se almacena una nueva cookie. Se le proporciona a continuaci\u00f3n orientaci\u00f3n sobre c\u00f3mo hacer esto en diferentes navegadores web. Su navegador web almacena normalmente cookies en una carpeta espec\u00edfica en su disco duro, de forma que pueda examinar tambi\u00e9n el contenido con m\u00e1s detalle.<\/p>\n<p>Sin embargo, las cookies que est\u00e1n presentes en el sitio web cambian con frecuencia, y no todas las cookies son igual de importantes. Por consiguiente, si <strong>METAL DESIGN EUROPA SLU<\/strong> cambia el uso de las cookies de seguimiento, se le notificar\u00e1 con un mensaje.<\/p>\n<p>Asimismo, hay disponibles servicios que han sido desarrollados especialmente para proporcionar a los usuarios una lista actualizada de cookies y otros mecanismos de seguimiento.<\/p>\n<p>Tenga en cuenta que si usted las desactiva, es posible que no pueda disfrutar de todas las funcionalidades de nuestro sitio web<\/p>\n<p>A continuaci\u00f3n, se le presenta un resumen de c\u00f3mo los datos almacenados localmente pueden ser gestionados en diferentes navegadores web. Tenga en cuenta que este proceso puede cambiar y que las descripciones dadas aqu\u00ed pueden no estar actualizadas.<\/p>\n<p><strong>Gesti\u00f3n de cookies en Google Chrome<\/strong><\/p>\n<ul>\n<li>C\u00f3mo eliminar cookies:\n<ol>\n<li>Ve a Configuraci\u00f3n en el men\u00fa de su navegador.<\/li>\n<li>Haz clic en Mostrar configuraci\u00f3n avanzada.<\/li>\n<li>Haz clic en Eliminar datos de navegaci\u00f3n.<\/li>\n<li>Selecciona el per\u00edodo de tiempo para el que deseas eliminar la informaci\u00f3n en el men\u00fa en la parte superior. Si deseas eliminar todas las cookies en el navegador, haz clic en Desde el origen de los tiempos.<\/li>\n<li>Marca Cookies y otros datos de sitios y complementos.<\/li>\n<li>Haz clic en Borrar datos de navegaci\u00f3n.<\/li>\n<li>Cierra la ventana.<\/li>\n<\/ol>\n<\/li>\n<li>C\u00f3mo evitar que las cookies se almacenen en el navegador web:\n<ol>\n<li>Ve a Configuraci\u00f3n en el men\u00fa de tu navegador.<\/li>\n<li>Haz clic en Mostrar configuraci\u00f3n avanzada y despu\u00e9s haz clic en Configuraci\u00f3n de contenido.<\/li>\n<li>En Cookies, selecciona tu opci\u00f3n preferida. Si desea evitar que todas las cookies se almacenen, haga clic en No permitir que se guarden datos de los sitios.<\/li>\n<li>Haz clic en Hecho.<\/li>\n<li>Cierra la ventana.<\/li>\n<\/ol>\n<\/li>\n<\/ul>\n<p><strong>Gesti\u00f3n de cookies en Safari<\/strong><\/p>\n<ul>\n<li>C\u00f3mo eliminar cookies:\n<ol>\n<li>Ir a Preferencias en el men\u00fa de su navegador.<\/li>\n<li>Haz clic en la pesta\u00f1a Privacidad.<\/li>\n<li>Haz clic en Eliminar todos los datos de los sitios web y despu\u00e9s haz clic en Eliminar para eliminar todas las cookies.<\/li>\n<li>Cierra la ventana.<\/li>\n<\/ol>\n<\/li>\n<li>C\u00f3mo evitar que las cookies se almacenen en su navegador web:\n<ol>\n<li>Ir a Preferencias en el men\u00fa de tu navegador<\/li>\n<li>Haz clic en la pesta\u00f1a Privacidad.<\/li>\n<li>En Cookies y datos de sitios web selecciona tu opci\u00f3n preferida. Si deseas evitar que todas las cookies se almacenen, haz clic en Bloquear siempre.<\/li>\n<li>Cierra la ventana.<\/li>\n<\/ol>\n<\/li>\n<\/ul>\n<p><strong>Gesti\u00f3n de cookies en Mozilla Firefox<\/strong><\/p>\n<ul>\n<li>C\u00f3mo eliminar cookies:\n<ol>\n<li>Ir a Opciones en el men\u00fa de su navegador.<\/li>\n<li>Haz clic en la pesta\u00f1a Privacidad.<\/li>\n<li>Haz clic en Mostrar cookies.<\/li>\n<li>Selecciona las cookies que deseas eliminar y haz clic en Eliminar seleccionadas. Haz clic en Eliminar todas si deseas eliminar todas las cookies en tu navegador web.<\/li>\n<li>Cierra la ventana. Cualquier cambio que hayas hecho se guardar\u00e1 autom\u00e1ticamente.<\/li>\n<\/ol>\n<\/li>\n<li>C\u00f3mo evitar que las cookies se almacenen en tu navegador web:\n<ol>\n<li>Ir a Configuraci\u00f3n en el men\u00fa de tu navegador.<\/li>\n<li>Selecciona la pesta\u00f1a Privacidad.<\/li>\n<li>En Historial, haz clic en Usar una configuraci\u00f3n personalizada para el historial.<\/li>\n<li>Selecciona tus opciones preferidas en Permitir cookies de sitios web. Si deseas evitar que todas las cookies se almacenen, desactiva la casilla Aceptar cookies de sitios web.<\/li>\n<li>Cierra la ventana. Cualquier cambio que hayas hecho se guardar\u00e1 autom\u00e1ticamente.<\/li>\n<\/ol>\n<\/li>\n<\/ul>\n<p><strong>Gesti\u00f3n de cookies en Internet Explorer<\/strong><\/p>\n<ul>\n<li>C\u00f3mo eliminar cookies:\n<ol>\n<li>Ir a Herramientas (icono de rueda dentada) en el men\u00fa de tu navegador.<\/li>\n<li>Haz clic en Propiedades de Internet.<\/li>\n<li>En la pesta\u00f1a General &#8211; Historial de navegaci\u00f3n, haz clic en Eliminar.<\/li>\n<li>Aseg\u00farate de marcar la opci\u00f3n Cookies y datos de sitios web.<\/li>\n<li>Haz clic en Eliminar.<\/li>\n<li>Haz clic en OK.<\/li>\n<\/ol>\n<\/li>\n<li>C\u00f3mo evitar que las cookies se almacenen en su navegador web:\n<ol>\n<li>Ir a Herramientas (icono de rueda dentada) en el men\u00fa de tu navegador.<\/li>\n<li>Haz clic en Opciones de Internet y despu\u00e9s haz clic en la pesta\u00f1a Privacidad.<\/li>\n<li>Mueve la barra deslizante al nivel deseado. Si deseas evitar que todas las cookies se almacenen, selecciona el nivel Bloquear todas las cookies.<\/li>\n<li>Haz clic en OK.<\/li>\n<\/ol>\n<\/li>\n<\/ul>\n<p><strong>Gesti\u00f3n de cookies en Opera<\/strong><\/p>\n<ul>\n<li>C\u00f3mo eliminar cookies:\n<ol>\n<li>Ir a Configuraci\u00f3n en el men\u00fa de tu navegador.<\/li>\n<li>Selecciona la pesta\u00f1a de Privacidad y Seguridad.<\/li>\n<li>Haz clic en Cookies y despu\u00e9s haz clic en Todas las cookies y datos de sitios web.<\/li>\n<li>Selecciona las cookies que deseas eliminar y haz clic en Eliminar. Haz clic en Eliminar todas si deseas eliminar todas las cookies en tu navegador web.<\/li>\n<li>Haz clic en Hecho.<\/li>\n<li>Cierra la ventana.<\/li>\n<\/ol>\n<\/li>\n<li>C\u00f3mo evitar que las cookies se almacenen en su navegador web:\n<ol>\n<li>\n<ol>\n<li>Ir a Configuraci\u00f3n en el men\u00fa de tu navegador.<\/li>\n<li>Selecciona la pesta\u00f1a de Privacidad y Seguridad.<\/li>\n<\/ol>\n<\/li>\n<\/ol>\n<\/li>\n<\/ul>\n<p>En Cookies, selecciona tu opci\u00f3n preferida. Si deseas evitar que todas las cookies se almacenen, haz clic en No permitir que se guarden datos de los sitios.<\/p>\n<ul>\n<li style=\"list-style-type: none;\">\n<ol>\n<li>Cierra la ventana.<\/li>\n<\/ol>\n<\/li>\n<\/ul>\n<p>A continuaci\u00f3n, le informamos detalladamente de las cookies que pueden instalarse desde nuestro sitio web. En funci\u00f3n de su navegaci\u00f3n podr\u00e1n instalarse todas o s\u00f3lo algunas de ellas.<\/p>\n<p>COOKIES:<\/p>\n<p>&nbsp;<\/p>\n<p><strong>Informaci\u00f3n de contacto<\/strong><\/p>\n<p>Para mayor transparencia, si tiene alguna pregunta relativa al uso del almacenamiento local de nuestro sitio web, p\u00f3ngase en contacto con nosotros en <strong>INFO@COVERTTO.ES<\/strong>, indicando en el asunto &#8220;Pol\u00edtica de cookies\u201d<\/p>\n<\/div><\/div><\/div><\/div><\/div><\/div><\/div><\/section>\n","protected":false},"excerpt":{"rendered":"Cookies policyInformaci\u00f3n General de las cookies La confianza del usuario es importante para nosotros, y por consiguiente, en METAL DESIGN EUROPA SLU nos preocupa proteger su privacidad. Un aspecto importante de esto es proporcionarle toda la informaci\u00f3n posible sobre c\u00f3mo utilizamos tus datos de car\u00e1cter personal, incluso c\u00f3mo utilizamos el almacenamiento local de datos y...","protected":false},"author":2,"featured_media":0,"parent":0,"menu_order":0,"comment_status":"closed","ping_status":"closed","template":"","meta":{"footnotes":""},"class_list":["post-1881","page","type-page","status-publish","hentry"],"acf":[],"yoast_head":"<!-- This site is optimized with the Yoast SEO plugin v27.2 - https:\/\/yoast.com\/product\/yoast-seo-wordpress\/ -->\n<title>Cookies policy - Covertto<\/title>\n<meta name=\"robots\" content=\"index, follow, max-snippet:-1, max-image-preview:large, max-video-preview:-1\" \/>\n<link rel=\"canonical\" href=\"https:\/\/testbeta.desarrolloproyectoswp.com\/en\/cookies-policy\/\" \/>\n<meta property=\"og:locale\" content=\"en_US\" \/>\n<meta property=\"og:type\" content=\"article\" \/>\n<meta property=\"og:title\" content=\"Cookies policy - Covertto\" \/>\n<meta property=\"og:url\" content=\"https:\/\/testbeta.desarrolloproyectoswp.com\/en\/cookies-policy\/\" \/>\n<meta property=\"og:site_name\" content=\"Covertto\" \/>\n<meta property=\"article:modified_time\" content=\"2023-05-30T17:36:11+00:00\" \/>\n<meta name=\"twitter:card\" content=\"summary_large_image\" \/>\n<meta name=\"twitter:label1\" content=\"Est. reading time\" \/>\n\t<meta name=\"twitter:data1\" content=\"9 minutes\" \/>\n<script type=\"application\/ld+json\" class=\"yoast-schema-graph\">{\"@context\":\"https:\/\/schema.org\",\"@graph\":[{\"@type\":\"WebPage\",\"@id\":\"https:\/\/testbeta.desarrolloproyectoswp.com\/en\/cookies-policy\/\",\"url\":\"https:\/\/testbeta.desarrolloproyectoswp.com\/en\/cookies-policy\/\",\"name\":\"Cookies policy - Covertto\",\"isPartOf\":{\"@id\":\"https:\/\/testbeta.desarrolloproyectoswp.com\/en\/#website\"},\"datePublished\":\"2022-11-03T15:19:36+00:00\",\"dateModified\":\"2023-05-30T17:36:11+00:00\",\"breadcrumb\":{\"@id\":\"https:\/\/testbeta.desarrolloproyectoswp.com\/en\/cookies-policy\/#breadcrumb\"},\"inLanguage\":\"en-US\",\"potentialAction\":[{\"@type\":\"ReadAction\",\"target\":[\"https:\/\/testbeta.desarrolloproyectoswp.com\/en\/cookies-policy\/\"]}]},{\"@type\":\"BreadcrumbList\",\"@id\":\"https:\/\/testbeta.desarrolloproyectoswp.com\/en\/cookies-policy\/#breadcrumb\",\"itemListElement\":[{\"@type\":\"ListItem\",\"position\":1,\"name\":\"Portada\",\"item\":\"https:\/\/testbeta.desarrolloproyectoswp.com\/en\/\"},{\"@type\":\"ListItem\",\"position\":2,\"name\":\"Cookies policy\"}]},{\"@type\":\"WebSite\",\"@id\":\"https:\/\/testbeta.desarrolloproyectoswp.com\/en\/#website\",\"url\":\"https:\/\/testbeta.desarrolloproyectoswp.com\/en\/\",\"name\":\"Covertto\",\"description\":\"Cubiertas para Piscinas en Aluminio\",\"potentialAction\":[{\"@type\":\"SearchAction\",\"target\":{\"@type\":\"EntryPoint\",\"urlTemplate\":\"https:\/\/testbeta.desarrolloproyectoswp.com\/en\/?s={search_term_string}\"},\"query-input\":{\"@type\":\"PropertyValueSpecification\",\"valueRequired\":true,\"valueName\":\"search_term_string\"}}],\"inLanguage\":\"en-US\"}]}<\/script>\n<!-- \/ Yoast SEO plugin. -->","yoast_head_json":{"title":"Cookies policy - Covertto","robots":{"index":"index","follow":"follow","max-snippet":"max-snippet:-1","max-image-preview":"max-image-preview:large","max-video-preview":"max-video-preview:-1"},"canonical":"https:\/\/testbeta.desarrolloproyectoswp.com\/en\/cookies-policy\/","og_locale":"en_US","og_type":"article","og_title":"Cookies policy - Covertto","og_url":"https:\/\/testbeta.desarrolloproyectoswp.com\/en\/cookies-policy\/","og_site_name":"Covertto","article_modified_time":"2023-05-30T17:36:11+00:00","twitter_card":"summary_large_image","twitter_misc":{"Est. reading time":"9 minutes"},"schema":{"@context":"https:\/\/schema.org","@graph":[{"@type":"WebPage","@id":"https:\/\/testbeta.desarrolloproyectoswp.com\/en\/cookies-policy\/","url":"https:\/\/testbeta.desarrolloproyectoswp.com\/en\/cookies-policy\/","name":"Cookies policy - Covertto","isPartOf":{"@id":"https:\/\/testbeta.desarrolloproyectoswp.com\/en\/#website"},"datePublished":"2022-11-03T15:19:36+00:00","dateModified":"2023-05-30T17:36:11+00:00","breadcrumb":{"@id":"https:\/\/testbeta.desarrolloproyectoswp.com\/en\/cookies-policy\/#breadcrumb"},"inLanguage":"en-US","potentialAction":[{"@type":"ReadAction","target":["https:\/\/testbeta.desarrolloproyectoswp.com\/en\/cookies-policy\/"]}]},{"@type":"BreadcrumbList","@id":"https:\/\/testbeta.desarrolloproyectoswp.com\/en\/cookies-policy\/#breadcrumb","itemListElement":[{"@type":"ListItem","position":1,"name":"Portada","item":"https:\/\/testbeta.desarrolloproyectoswp.com\/en\/"},{"@type":"ListItem","position":2,"name":"Cookies policy"}]},{"@type":"WebSite","@id":"https:\/\/testbeta.desarrolloproyectoswp.com\/en\/#website","url":"https:\/\/testbeta.desarrolloproyectoswp.com\/en\/","name":"Covertto","description":"Cubiertas para Piscinas en Aluminio","potentialAction":[{"@type":"SearchAction","target":{"@type":"EntryPoint","urlTemplate":"https:\/\/testbeta.desarrolloproyectoswp.com\/en\/?s={search_term_string}"},"query-input":{"@type":"PropertyValueSpecification","valueRequired":true,"valueName":"search_term_string"}}],"inLanguage":"en-US"}]}},"_links":{"self":[{"href":"https:\/\/testbeta.desarrolloproyectoswp.com\/en\/wp-json\/wp\/v2\/pages\/1881","targetHints":{"allow":["GET"]}}],"collection":[{"href":"https:\/\/testbeta.desarrolloproyectoswp.com\/en\/wp-json\/wp\/v2\/pages"}],"about":[{"href":"https:\/\/testbeta.desarrolloproyectoswp.com\/en\/wp-json\/wp\/v2\/types\/page"}],"author":[{"embeddable":true,"href":"https:\/\/testbeta.desarrolloproyectoswp.com\/en\/wp-json\/wp\/v2\/users\/2"}],"replies":[{"embeddable":true,"href":"https:\/\/testbeta.desarrolloproyectoswp.com\/en\/wp-json\/wp\/v2\/comments?post=1881"}],"version-history":[{"count":1,"href":"https:\/\/testbeta.desarrolloproyectoswp.com\/en\/wp-json\/wp\/v2\/pages\/1881\/revisions"}],"predecessor-version":[{"id":3120,"href":"https:\/\/testbeta.desarrolloproyectoswp.com\/en\/wp-json\/wp\/v2\/pages\/1881\/revisions\/3120"}],"wp:attachment":[{"href":"https:\/\/testbeta.desarrolloproyectoswp.com\/en\/wp-json\/wp\/v2\/media?parent=1881"}],"curies":[{"name":"wp","href":"https:\/\/api.w.org\/{rel}","templated":true}]}}