{"id":2016,"date":"2022-11-02T14:18:06","date_gmt":"2022-11-02T13:18:06","guid":{"rendered":"https:\/\/testbeta.desarrolloproyectoswp.com\/faq\/"},"modified":"2022-12-14T16:39:58","modified_gmt":"2022-12-14T15:39:58","slug":"faq","status":"publish","type":"page","link":"https:\/\/testbeta.desarrolloproyectoswp.com\/fr\/faq\/","title":{"rendered":"FAQ"},"content":{"rendered":"<section class=\"l-section wpb_row us_custom_df52721f height_medium with_img parallax_ver parallaxdir_reversed\" id=\"header_ofertas\"><div class=\"l-section-img\" style=\"background-image: url(https:\/\/testbeta.desarrolloproyectoswp.com\/wp-content\/uploads\/2022\/10\/maarten-van-den-heuvel-1t-sb-SgAxs-unsplash-Grande.jpg);background-repeat: no-repeat;\" data-img-width=\"1620\" data-img-height=\"1080\"><\/div><div class=\"l-section-overlay\" style=\"background:rgba(0,0,0,0.20)\"><\/div><div class=\"l-section-h i-cf\"><div class=\"g-cols vc_row via_flex valign_middle type_default stacking_default\"><div class=\"vc_col-sm-12 wpb_column vc_column_container\"><div class=\"vc_column-inner\"><div class=\"wpb_wrapper\"><div class=\"wpb_text_column us_custom_8674eabf tit_ofertas has_text_color us_animate_this\"><div class=\"wpb_wrapper\"><h1 style=\"text-align: center;\">FAQs<\/h1>\n<\/div><\/div><\/div><\/div><\/div><\/div><\/div><\/section><section class=\"l-section wpb_row us_custom_97f48759 items_faq height_medium\"><div class=\"l-section-h i-cf\"><div class=\"g-cols vc_row via_flex valign_top type_default stacking_default\"><div class=\"vc_col-sm-12 wpb_column vc_column_container\"><div class=\"vc_column-inner\"><div class=\"wpb_wrapper\"><div class=\"wpb_text_column\"><div class=\"wpb_wrapper\"><h2 class=\"uppercase mb16\" style=\"text-align: center;\">POURQUOI CHOISIR COVERTTO?<\/h2>\n<\/div><\/div><div class=\"w-separator size_medium\"><\/div><div class=\"w-iconbox items_faq iconpos_left style_default color_custom align_left no_title\"><div class=\"w-iconbox-icon\" style=\"font-size:2rem;color:var(--color-content-secondary);\"><i class=\"fas fa-check\"><\/i><\/div><div class=\"w-iconbox-meta\"><div class=\"w-iconbox-text\"><p>Parce que son \u00e9quipe est compos\u00e9e de techniciens ayant une exp\u00e9rience av\u00e9r\u00e9e dans le secteur.<\/p>\n<\/div><\/div><\/div><div class=\"w-iconbox items_faq iconpos_left style_default color_custom align_left no_title\"><div class=\"w-iconbox-icon\" style=\"font-size:2rem;color:var(--color-content-secondary);\"><i class=\"fas fa-check\"><\/i><\/div><div class=\"w-iconbox-meta\"><div class=\"w-iconbox-text\"><p>Parce que la garantie directe du constructeur y est offerte.<\/p>\n<\/div><\/div><\/div><div class=\"w-iconbox items_faq iconpos_left style_default color_custom align_left no_title\"><div class=\"w-iconbox-icon\" style=\"font-size:2rem;color:var(--color-content-secondary);\"><i class=\"fas fa-check\"><\/i><\/div><div class=\"w-iconbox-meta\"><div class=\"w-iconbox-text\"><p>Parce que ses profil\u00e9s en aluminium sont dimensionn\u00e9s en collaboration avec les techniciens des plus importantes entreprises europ\u00e9ennes d&rsquo;extrusion d&rsquo;aluminium.<\/p>\n<\/div><\/div><\/div><div class=\"w-iconbox items_faq iconpos_left style_default color_custom align_left no_title\"><div class=\"w-iconbox-icon\" style=\"font-size:2rem;color:var(--color-content-secondary);\"><i class=\"fas fa-check\"><\/i><\/div><div class=\"w-iconbox-meta\"><div class=\"w-iconbox-text\"><p>Gr\u00e2ce \u00e0 la possibilit\u00e9 de personnaliser votre couverture et votre abri en aluminium : dimensions, couleur des profil\u00e9s, panneaux en plastique ou en verre, ouverture manuelle ou motoris\u00e9e, type de portes et de fen\u00eatres, etc.<\/p>\n<\/div><\/div><\/div><div class=\"w-iconbox items_faq iconpos_left style_default color_custom align_left no_title\"><div class=\"w-iconbox-icon\" style=\"font-size:2rem;color:var(--color-content-secondary);\"><i class=\"fas fa-check\"><\/i><\/div><div class=\"w-iconbox-meta\"><div class=\"w-iconbox-text\"><p>En raison de la possibilit\u00e9 de choisir entre une solution avec ou sans rail au sol.<\/p>\n<\/div><\/div><\/div><div class=\"w-iconbox items_faq iconpos_left style_default color_custom align_left no_title\"><div class=\"w-iconbox-icon\" style=\"font-size:2rem;color:var(--color-content-secondary);\"><i class=\"fas fa-check\"><\/i><\/div><div class=\"w-iconbox-meta\"><div class=\"w-iconbox-text\"><p>Parce que notre d\u00e9partement technique peut d\u00e9velopper un projet complet.<\/p>\n<\/div><\/div><\/div><div class=\"w-iconbox items_faq iconpos_left style_default color_custom align_left no_title\"><div class=\"w-iconbox-icon\" style=\"font-size:2rem;color:var(--color-content-secondary);\"><i class=\"fas fa-check\"><\/i><\/div><div class=\"w-iconbox-meta\"><div class=\"w-iconbox-text\"><p>Parce que nous avons des centaines d&rsquo;installations dans toute la Communaut\u00e9 europ\u00e9enne.<\/p>\n<\/div><\/div><\/div><div class=\"w-iconbox items_faq iconpos_left style_default color_custom align_left no_title\"><div class=\"w-iconbox-icon\" style=\"font-size:2rem;color:var(--color-content-secondary);\"><i class=\"fas fa-check\"><\/i><\/div><div class=\"w-iconbox-meta\"><div class=\"w-iconbox-text\"><p>Parce que nous avons un r\u00e9seau de collaborateurs dans toute l&rsquo;Espagne.<\/p>\n<\/div><\/div><\/div><div class=\"w-iconbox items_faq iconpos_left style_default color_custom align_left no_title\"><div class=\"w-iconbox-icon\" style=\"font-size:2rem;color:var(--color-content-secondary);\"><i class=\"fas fa-check\"><\/i><\/div><div class=\"w-iconbox-meta\"><div class=\"w-iconbox-text\"><p>Parce que cela \u00e9vite l&rsquo;entr\u00e9e des feuilles et des insectes.<\/p>\n<\/div><\/div><\/div><div class=\"w-iconbox items_faq iconpos_left style_default color_custom align_left no_title\"><div class=\"w-iconbox-icon\" style=\"font-size:2rem;color:var(--color-content-secondary);\"><i class=\"fas fa-check\"><\/i><\/div><div class=\"w-iconbox-meta\"><div class=\"w-iconbox-text\"><p>Parce que cela garantit la s\u00e9curit\u00e9 de vos enfants et de vos animaux domestiques.<\/p>\n<\/div><\/div><\/div><div class=\"w-iconbox items_faq iconpos_left style_default color_custom align_left no_title\"><div class=\"w-iconbox-icon\" style=\"font-size:2rem;color:var(--color-content-secondary);\"><i class=\"fas fa-check\"><\/i><\/div><div class=\"w-iconbox-meta\"><div class=\"w-iconbox-text\"><p>Parce que cela vous garantit une \u00e9conomie de 50% sur les produits chimiques pour l&rsquo;entretien de votre piscine.<\/p>\n<\/div><\/div><\/div><div class=\"w-iconbox items_faq iconpos_left style_default color_custom align_left no_title\"><div class=\"w-iconbox-icon\" style=\"font-size:2rem;color:var(--color-content-secondary);\"><i class=\"fas fa-check\"><\/i><\/div><div class=\"w-iconbox-meta\"><div class=\"w-iconbox-text\"><p>Parce que cela augmente la temp\u00e9rature de l&rsquo;eau entre 10 et 12\u00baC.<\/p>\n<\/div><\/div><\/div><div class=\"w-iconbox items_faq iconpos_left style_default color_custom align_left no_title\"><div class=\"w-iconbox-icon\" style=\"font-size:2rem;color:var(--color-content-secondary);\"><i class=\"fas fa-check\"><\/i><\/div><div class=\"w-iconbox-meta\"><div class=\"w-iconbox-text\"><p>Parce que notre personnel sera \u00e0 votre disposition pour tout service apr\u00e8s-vente.<\/p>\n<\/div><\/div><\/div><div class=\"w-iconbox items_faq iconpos_left style_default color_custom align_left no_title\"><div class=\"w-iconbox-icon\" style=\"font-size:2rem;color:var(--color-content-secondary);\"><i class=\"fas fa-check\"><\/i><\/div><div class=\"w-iconbox-meta\"><div class=\"w-iconbox-text\"><p>Parce que cela permet de prolonger la p\u00e9riode d&rsquo;utilisation de la piscine. Piscine ext\u00e9rieure : JUIN &#8211; AOUT (90 jours).<\/p>\n<p>Piscine avec couverture t\u00e9lescopique : MARS &#8211; OCTOBRE (240 jours). Piscine avec couverture t\u00e9lescopique et pompe \u00e0 chaleur : TOUTE L&rsquo;ANN\u00c9E (365 jours).<\/p>\n<\/div><\/div><\/div><\/div><\/div><\/div><\/div><\/div><\/section>\n","protected":false},"excerpt":{"rendered":"FAQs POURQUOI CHOISIR COVERTTO? Parce que son \u00e9quipe est compos\u00e9e de techniciens ayant une exp\u00e9rience av\u00e9r\u00e9e dans le secteur. Parce que la garantie directe du constructeur y est offerte. Parce que ses profil\u00e9s en aluminium sont dimensionn\u00e9s en collaboration avec les techniciens des plus importantes entreprises europ\u00e9ennes d'extrusion d'aluminium. Gr\u00e2ce \u00e0 la possibilit\u00e9 de personnaliser...","protected":false},"author":2,"featured_media":0,"parent":0,"menu_order":0,"comment_status":"closed","ping_status":"closed","template":"","meta":{"footnotes":""},"class_list":["post-2016","page","type-page","status-publish","hentry"],"acf":[],"yoast_head":"<!-- This site is optimized with the Yoast SEO plugin v27.2 - https:\/\/yoast.com\/product\/yoast-seo-wordpress\/ -->\n<title>FAQ - Covertto<\/title>\n<meta name=\"robots\" content=\"index, follow, max-snippet:-1, max-image-preview:large, max-video-preview:-1\" \/>\n<link rel=\"canonical\" href=\"https:\/\/testbeta.desarrolloproyectoswp.com\/fr\/faq\/\" \/>\n<meta property=\"og:locale\" content=\"fr_FR\" \/>\n<meta property=\"og:type\" content=\"article\" \/>\n<meta property=\"og:title\" content=\"FAQ - Covertto\" \/>\n<meta property=\"og:url\" content=\"https:\/\/testbeta.desarrolloproyectoswp.com\/fr\/faq\/\" \/>\n<meta property=\"og:site_name\" content=\"Covertto\" \/>\n<meta property=\"article:modified_time\" content=\"2022-12-14T15:39:58+00:00\" \/>\n<meta name=\"twitter:card\" content=\"summary_large_image\" \/>\n<meta name=\"twitter:label1\" content=\"Dur\u00e9e de lecture estim\u00e9e\" \/>\n\t<meta name=\"twitter:data1\" content=\"2 minutes\" \/>\n<script type=\"application\/ld+json\" class=\"yoast-schema-graph\">{\"@context\":\"https:\/\/schema.org\",\"@graph\":[{\"@type\":\"WebPage\",\"@id\":\"https:\/\/testbeta.desarrolloproyectoswp.com\/fr\/faq\/\",\"url\":\"https:\/\/testbeta.desarrolloproyectoswp.com\/fr\/faq\/\",\"name\":\"FAQ - Covertto\",\"isPartOf\":{\"@id\":\"https:\/\/testbeta.desarrolloproyectoswp.com\/fr\/#website\"},\"datePublished\":\"2022-11-02T13:18:06+00:00\",\"dateModified\":\"2022-12-14T15:39:58+00:00\",\"breadcrumb\":{\"@id\":\"https:\/\/testbeta.desarrolloproyectoswp.com\/fr\/faq\/#breadcrumb\"},\"inLanguage\":\"fr-FR\",\"potentialAction\":[{\"@type\":\"ReadAction\",\"target\":[\"https:\/\/testbeta.desarrolloproyectoswp.com\/fr\/faq\/\"]}]},{\"@type\":\"BreadcrumbList\",\"@id\":\"https:\/\/testbeta.desarrolloproyectoswp.com\/fr\/faq\/#breadcrumb\",\"itemListElement\":[{\"@type\":\"ListItem\",\"position\":1,\"name\":\"Portada\",\"item\":\"https:\/\/testbeta.desarrolloproyectoswp.com\/fr\/\"},{\"@type\":\"ListItem\",\"position\":2,\"name\":\"FAQ\"}]},{\"@type\":\"WebSite\",\"@id\":\"https:\/\/testbeta.desarrolloproyectoswp.com\/fr\/#website\",\"url\":\"https:\/\/testbeta.desarrolloproyectoswp.com\/fr\/\",\"name\":\"Covertto\",\"description\":\"Cubiertas para Piscinas en Aluminio\",\"potentialAction\":[{\"@type\":\"SearchAction\",\"target\":{\"@type\":\"EntryPoint\",\"urlTemplate\":\"https:\/\/testbeta.desarrolloproyectoswp.com\/fr\/?s={search_term_string}\"},\"query-input\":{\"@type\":\"PropertyValueSpecification\",\"valueRequired\":true,\"valueName\":\"search_term_string\"}}],\"inLanguage\":\"fr-FR\"}]}<\/script>\n<!-- \/ Yoast SEO plugin. -->","yoast_head_json":{"title":"FAQ - Covertto","robots":{"index":"index","follow":"follow","max-snippet":"max-snippet:-1","max-image-preview":"max-image-preview:large","max-video-preview":"max-video-preview:-1"},"canonical":"https:\/\/testbeta.desarrolloproyectoswp.com\/fr\/faq\/","og_locale":"fr_FR","og_type":"article","og_title":"FAQ - Covertto","og_url":"https:\/\/testbeta.desarrolloproyectoswp.com\/fr\/faq\/","og_site_name":"Covertto","article_modified_time":"2022-12-14T15:39:58+00:00","twitter_card":"summary_large_image","twitter_misc":{"Dur\u00e9e de lecture estim\u00e9e":"2 minutes"},"schema":{"@context":"https:\/\/schema.org","@graph":[{"@type":"WebPage","@id":"https:\/\/testbeta.desarrolloproyectoswp.com\/fr\/faq\/","url":"https:\/\/testbeta.desarrolloproyectoswp.com\/fr\/faq\/","name":"FAQ - Covertto","isPartOf":{"@id":"https:\/\/testbeta.desarrolloproyectoswp.com\/fr\/#website"},"datePublished":"2022-11-02T13:18:06+00:00","dateModified":"2022-12-14T15:39:58+00:00","breadcrumb":{"@id":"https:\/\/testbeta.desarrolloproyectoswp.com\/fr\/faq\/#breadcrumb"},"inLanguage":"fr-FR","potentialAction":[{"@type":"ReadAction","target":["https:\/\/testbeta.desarrolloproyectoswp.com\/fr\/faq\/"]}]},{"@type":"BreadcrumbList","@id":"https:\/\/testbeta.desarrolloproyectoswp.com\/fr\/faq\/#breadcrumb","itemListElement":[{"@type":"ListItem","position":1,"name":"Portada","item":"https:\/\/testbeta.desarrolloproyectoswp.com\/fr\/"},{"@type":"ListItem","position":2,"name":"FAQ"}]},{"@type":"WebSite","@id":"https:\/\/testbeta.desarrolloproyectoswp.com\/fr\/#website","url":"https:\/\/testbeta.desarrolloproyectoswp.com\/fr\/","name":"Covertto","description":"Cubiertas para Piscinas en Aluminio","potentialAction":[{"@type":"SearchAction","target":{"@type":"EntryPoint","urlTemplate":"https:\/\/testbeta.desarrolloproyectoswp.com\/fr\/?s={search_term_string}"},"query-input":{"@type":"PropertyValueSpecification","valueRequired":true,"valueName":"search_term_string"}}],"inLanguage":"fr-FR"}]}},"_links":{"self":[{"href":"https:\/\/testbeta.desarrolloproyectoswp.com\/fr\/wp-json\/wp\/v2\/pages\/2016","targetHints":{"allow":["GET"]}}],"collection":[{"href":"https:\/\/testbeta.desarrolloproyectoswp.com\/fr\/wp-json\/wp\/v2\/pages"}],"about":[{"href":"https:\/\/testbeta.desarrolloproyectoswp.com\/fr\/wp-json\/wp\/v2\/types\/page"}],"author":[{"embeddable":true,"href":"https:\/\/testbeta.desarrolloproyectoswp.com\/fr\/wp-json\/wp\/v2\/users\/2"}],"replies":[{"embeddable":true,"href":"https:\/\/testbeta.desarrolloproyectoswp.com\/fr\/wp-json\/wp\/v2\/comments?post=2016"}],"version-history":[{"count":0,"href":"https:\/\/testbeta.desarrolloproyectoswp.com\/fr\/wp-json\/wp\/v2\/pages\/2016\/revisions"}],"wp:attachment":[{"href":"https:\/\/testbeta.desarrolloproyectoswp.com\/fr\/wp-json\/wp\/v2\/media?parent=2016"}],"curies":[{"name":"wp","href":"https:\/\/api.w.org\/{rel}","templated":true}]}}