{"id":2088,"date":"2022-11-01T21:39:11","date_gmt":"2022-11-01T20:39:11","guid":{"rendered":"https:\/\/testbeta.desarrolloproyectoswp.com\/guide-dabris-de-piscine\/invernales\/"},"modified":"2022-12-09T19:13:43","modified_gmt":"2022-12-09T18:13:43","slug":"hiver","status":"publish","type":"page","link":"https:\/\/testbeta.desarrolloproyectoswp.com\/fr\/guide-dabris-de-piscine\/hiver\/","title":{"rendered":"Hiver"},"content":{"rendered":"<section class=\"l-section wpb_row us_custom_1825b8b8 height_medium\" id=\"header_ofertas\"><div class=\"l-section-overlay\" style=\"background:rgba(0,0,0,0.30)\"><\/div><div class=\"l-section-h i-cf\"><div class=\"g-cols vc_row via_flex valign_middle type_default stacking_default\"><div class=\"vc_col-sm-12 wpb_column vc_column_container\"><div class=\"vc_column-inner\"><div class=\"wpb_wrapper\"><div class=\"wpb_text_column us_custom_8674eabf tit_guia_cubierta has_text_color us_animate_this\"><div class=\"wpb_wrapper\"><h2 style=\"text-align: center;\">Guide d\u2019Abris de piscine<\/h2>\n<\/div><\/div><\/div><\/div><\/div><\/div><\/div><\/section><section class=\"l-section wpb_row us_custom_b8d56632 height_huge width_full\"><div class=\"l-section-h i-cf\"><div class=\"g-cols vc_row via_flex valign_top type_default stacking_default\"><div class=\"vc_col-sm-12 wpb_column vc_column_container\"><div class=\"vc_column-inner\"><div class=\"wpb_wrapper\"><div class=\"wpb_text_column big_title\"><div class=\"wpb_wrapper\"><h1><span class=\"r-light\">ABRI DE PISCINE<\/span><br \/>\nHIVER<\/h1>\n<\/div><\/div><\/div><\/div><\/div><\/div><\/div><\/section><section class=\"l-section wpb_row height_auto width_full\"><div class=\"l-section-h i-cf\"><div class=\"g-cols vc_row via_flex valign_top type_default stacking_default\"><div class=\"vc_col-sm-12 wpb_column vc_column_container\"><div class=\"vc_column-inner\"><div class=\"wpb_wrapper\"><div class=\"w-grid type_carousel layout_525\" id=\"us_grid_1\"><style>.layout_525 .w-grid-item-h{}<\/style><div class=\"w-grid-list owl-carousel navstyle_circle navpos_inside autoheight\" style=\"--arrows-size:1.8rem;\">\t<article class=\"w-grid-item post-1324 attachment type-attachment status-inherit hentry\" data-id=\"1324\">\r\n\t\t<div class=\"w-grid-item-h\">\r\n\t\t\t\t\t\t<div class=\"w-post-elm post_image usg_post_image_1 has_ratio\"><div style=\"padding-bottom:56.25%\"><\/div><img decoding=\"async\" width=\"1024\" height=\"682\" src=\"https:\/\/testbeta.desarrolloproyectoswp.com\/wp-content\/uploads\/2022\/11\/coperture-telescopiche-alte-per-piscine-006-1024x682-2.jpg\" class=\"attachment-large size-large\" alt=\"\" srcset=\"https:\/\/testbeta.desarrolloproyectoswp.com\/wp-content\/uploads\/2022\/11\/coperture-telescopiche-alte-per-piscine-006-1024x682-2.jpg 1024w, https:\/\/testbeta.desarrolloproyectoswp.com\/wp-content\/uploads\/2022\/11\/coperture-telescopiche-alte-per-piscine-006-1024x682-2-300x200.jpg 300w\" sizes=\"(max-width: 1024px) 100vw, 1024px\" \/><\/div>\t\t<\/div>\r\n\t<\/article>\r\n\t<article class=\"w-grid-item post-1326 attachment type-attachment status-inherit hentry\" data-id=\"1326\">\r\n\t\t<div class=\"w-grid-item-h\">\r\n\t\t\t\t\t\t<div class=\"w-post-elm post_image usg_post_image_1 has_ratio\"><div style=\"padding-bottom:56.25%\"><\/div><img decoding=\"async\" width=\"1024\" height=\"683\" src=\"https:\/\/testbeta.desarrolloproyectoswp.com\/wp-content\/uploads\/2022\/11\/copertura-per-piscina-prima-dopo-006-1024x683-2.jpg\" class=\"attachment-large size-large\" alt=\"\" srcset=\"https:\/\/testbeta.desarrolloproyectoswp.com\/wp-content\/uploads\/2022\/11\/copertura-per-piscina-prima-dopo-006-1024x683-2.jpg 1024w, https:\/\/testbeta.desarrolloproyectoswp.com\/wp-content\/uploads\/2022\/11\/copertura-per-piscina-prima-dopo-006-1024x683-2-300x200.jpg 300w\" sizes=\"(max-width: 1024px) 100vw, 1024px\" \/><\/div>\t\t<\/div>\r\n\t<\/article>\r\n<\/div><div class=\"g-preloader type_1\">\r\n\t<div><\/div>\r\n<\/div>\r\n\t<div class=\"w-grid-json hidden\" onclick='return {&quot;action&quot;:&quot;us_ajax_grid&quot;,&quot;ajax_url&quot;:&quot;https:\\\/\\\/testbeta.desarrolloproyectoswp.com\\\/wp-admin\\\/admin-ajax.php&quot;,&quot;infinite_scroll&quot;:0,&quot;max_num_pages&quot;:1,&quot;pagination&quot;:&quot;none&quot;,&quot;permalink_url&quot;:&quot;https:\\\/\\\/testbeta.desarrolloproyectoswp.com\\\/fr\\\/wp-json\\\/wp\\\/v2\\\/pages\\\/2088\\\/&quot;,&quot;template_vars&quot;:{&quot;columns&quot;:&quot;1&quot;,&quot;exclude_items&quot;:&quot;none&quot;,&quot;img_size&quot;:&quot;default&quot;,&quot;ignore_items_size&quot;:0,&quot;items_layout&quot;:&quot;525&quot;,&quot;items_offset&quot;:&quot;1&quot;,&quot;load_animation&quot;:&quot;none&quot;,&quot;overriding_link&quot;:&quot;none&quot;,&quot;post_id&quot;:2088,&quot;query_args&quot;:{&quot;post_type&quot;:[&quot;attachment&quot;],&quot;post__in&quot;:[&quot;556&quot;,&quot;557&quot;],&quot;post_status&quot;:&quot;inherit&quot;,&quot;post_mime_type&quot;:&quot;image&quot;,&quot;posts_per_page&quot;:&quot;10&quot;},&quot;orderby_query_args&quot;:{&quot;orderby&quot;:{&quot;post__in&quot;:&quot;ASC&quot;},&quot;order&quot;:&quot;ASC&quot;},&quot;type&quot;:&quot;carousel&quot;,&quot;us_grid_ajax_index&quot;:1,&quot;us_grid_filter_params&quot;:null,&quot;us_grid_index&quot;:1,&quot;_us_grid_post_type&quot;:&quot;attachment&quot;,&quot;lang&quot;:&quot;fr&quot;},&quot;carousel_settings&quot;:{&quot;autoHeight&quot;:1,&quot;autoplay&quot;:0,&quot;carousel_fade&quot;:0,&quot;center&quot;:0,&quot;dots&quot;:0,&quot;items&quot;:&quot;1&quot;,&quot;loop&quot;:false,&quot;nav&quot;:1,&quot;slideby&quot;:&quot;1&quot;,&quot;smooth_play&quot;:0,&quot;speed&quot;:250,&quot;timeout&quot;:3000,&quot;transition&quot;:&quot;&quot;},&quot;carousel_breakpoints&quot;:{&quot;0&quot;:{&quot;autoHeight&quot;:1,&quot;autoplay&quot;:0,&quot;autoplayHoverPause&quot;:0,&quot;items&quot;:1,&quot;loop&quot;:false,&quot;stagePadding&quot;:0},&quot;600&quot;:{&quot;autoHeight&quot;:1,&quot;autoplay&quot;:0,&quot;autoplayHoverPause&quot;:0,&quot;items&quot;:&quot;1&quot;,&quot;loop&quot;:false,&quot;stagePadding&quot;:0},&quot;900&quot;:{&quot;autoHeight&quot;:1,&quot;autoplay&quot;:0,&quot;autoplayHoverPause&quot;:0,&quot;items&quot;:&quot;1&quot;,&quot;loop&quot;:false,&quot;stagePadding&quot;:0},&quot;1200&quot;:{&quot;items&quot;:1,&quot;stagePadding&quot;:0}}}'><\/div>\r\n\t<\/div><\/div><\/div><\/div><\/div><\/div><\/section><section class=\"l-section wpb_row height_medium\"><div class=\"l-section-h i-cf\"><div class=\"g-cols vc_row via_flex valign_top type_default stacking_default\"><div class=\"vc_col-sm-6 wpb_column vc_column_container\"><div class=\"vc_column-inner\"><div class=\"wpb_wrapper\"><div class=\"wpb_text_column\"><div class=\"wpb_wrapper\"><p>Au cours de l&rsquo;histoire de l&rsquo;humanit\u00e9, il a toujours \u00e9t\u00e9 constat\u00e9 que ce qui semblait \u00eatre des plaisirs exclusifs destin\u00e9s uniquement \u00e0 l&rsquo;\u00e9lite noble, est ensuite devenu un plaisir pour tous. C&rsquo;est le cas pour les grands jeux de cartes, le tennis, le golf, mais surtout pour les piscines. Au Moyen \u00c2ge, les piscines \u00e9taient la pr\u00e9rogative exclusive des empereurs. Si quelqu&rsquo;un comme Charlemagne, qui se vantait d&rsquo;\u00eatre un bon nageur pour maintenir son physique imposant en forme, fr\u00e9quentait assid\u00fbment les piscines, c&rsquo;est aussi parce que dans l&rsquo;eau il ne d\u00e9daignait pas la compagnie de nombreuses familles, de fils et de filles, mais aussi de personnages importants du royaume. \u00c0 certaines occasions, il invitait m\u00eame sa garde imp\u00e9riale \u00e0 prendre un bain avec lui, et il arrivait que plus de cent personnes se baignent avec lui en m\u00eame temps. Ce qu&rsquo;il y a de bien dans la vie d&rsquo;aujourd&rsquo;hui, c&rsquo;est que gr\u00e2ce aux Abris de piscine d&rsquo;hiver, de mani\u00e8re beaucoup plus d\u00e9mocratique, le plaisir qui \u00e9tait autrefois le privil\u00e8ge exclusif des rois et des empereurs est d\u00e9sormais accessible \u00e0 tous. Il n&rsquo;est peut-\u00eatre pas n\u00e9cessaire d&rsquo;avoir une centaine de gardes du corps, mais les Abris de piscine d&rsquo;hiver vous permettent d&rsquo;organiser \u00e0 tout moment une baignade fantastique dans la piscine avec vos amis.<\/p>\n<\/div><\/div><\/div><\/div><\/div><div class=\"vc_col-sm-6 wpb_column vc_column_container\"><div class=\"vc_column-inner\"><div class=\"wpb_wrapper\"><div class=\"wpb_text_column\"><div class=\"wpb_wrapper\"><p>En effet, la piscine n&rsquo;est plus un objet qui hiberne en septembre et se r\u00e9veille \u00e0 la fin du printemps, gr\u00e2ce aux Abris de piscine d&rsquo;hiver, vous pouvez l&rsquo;utiliser pendant de plus longues heures, et \u00e9conomiser beaucoup d&rsquo;\u00e9nergie. Gr\u00e2ce au syst\u00e8me t\u00e9lescopique, la piscine est pr\u00eate imm\u00e9diatement, toujours disponible, facile \u00e0 mettre en \u0153uvre. Aujourd&rsquo;hui, avec les Abris de piscine d&rsquo;hiver, il est vraiment plus facile de le faire que de le dire : un seul geste suffit pour faire glisser l&rsquo;Abri de protection hors de l&rsquo;eau, dans son logement sp\u00e9cial et la piscine est pr\u00eate \u00e0 \u00eatre utilis\u00e9e. Pas de complications, juste des simplifications. Des saisons plus longues pour profiter de la baignade. Les \u00e9conomies d&rsquo;\u00e9nergie sont garanties avec les Abris de piscine d&rsquo;hiver, car ils permettent de conserver plus longtemps la chaleur transmise \u00e0 l&rsquo;eau par les rayons du soleil, \u00e9vitant ainsi avec l&rsquo;Abri de piscine la dispersion pendant la nuit. En outre, il n&rsquo;y a plus d&rsquo;entretien g\u00eanant lorsque la piscine est activ\u00e9e, mais seulement des interventions minimales visant \u00e0 l&rsquo;hygi\u00e8ne et au contr\u00f4le du cycle de l&rsquo;eau. Vous n&rsquo;aurez plus de salet\u00e9s qui flottent ou coulent au fond, comme les feuilles, l&rsquo;herbe, le papier transport\u00e9 par le vent ou les animaux. Avec les Abris de piscine d&rsquo;hiver, vous pouvez dormir en toute tranquillit\u00e9. Si l&rsquo;eau a toujours \u00e9t\u00e9 une source de tranquillit\u00e9 et de plaisir pour l&rsquo;homme, depuis l&rsquo;Antiquit\u00e9, pourquoi ne pas en profiter aujourd&rsquo;hui alors qu&rsquo;il existe un syst\u00e8me d&rsquo;Abris de piscine t\u00e9lescopiques qui vous offre les meilleures garanties de libert\u00e9 d&rsquo;utilisation et de qualit\u00e9 de bien-\u00eatre ?<\/p>\n<\/div><\/div><\/div><\/div><\/div><\/div><\/div><\/section><section class=\"l-section wpb_row us_custom_b03640aa height_medium\"><div class=\"l-section-h i-cf\"><div class=\"g-cols vc_row via_flex valign_top type_default stacking_default\"><div class=\"vc_col-sm-12 wpb_column vc_column_container\"><div class=\"vc_column-inner\"><div class=\"wpb_wrapper\"><div class=\"w-btn-wrapper align_center\"><a class=\"w-btn us-btn-style_2\" title=\"Contact\" href=\"\/fr\/contact\/\"><span class=\"w-btn-label\">Contact<\/span><\/a><\/div><div class=\"w-separator size_medium\"><\/div><\/div><\/div><\/div><\/div><\/div><\/section>\n","protected":false},"excerpt":{"rendered":"","protected":false},"author":2,"featured_media":1320,"parent":2072,"menu_order":0,"comment_status":"closed","ping_status":"closed","template":"","meta":{"footnotes":""},"class_list":["post-2088","page","type-page","status-publish","has-post-thumbnail","hentry"],"acf":[],"yoast_head":"<!-- This site is optimized with the Yoast SEO plugin v27.2 - https:\/\/yoast.com\/product\/yoast-seo-wordpress\/ -->\n<title>Hiver - Covertto<\/title>\n<meta name=\"robots\" content=\"index, follow, max-snippet:-1, max-image-preview:large, max-video-preview:-1\" \/>\n<link rel=\"canonical\" href=\"https:\/\/testbeta.desarrolloproyectoswp.com\/fr\/guide-dabris-de-piscine\/hiver\/\" \/>\n<meta property=\"og:locale\" content=\"fr_FR\" \/>\n<meta property=\"og:type\" content=\"article\" \/>\n<meta property=\"og:title\" content=\"Hiver - Covertto\" \/>\n<meta property=\"og:url\" content=\"https:\/\/testbeta.desarrolloproyectoswp.com\/fr\/guide-dabris-de-piscine\/hiver\/\" \/>\n<meta property=\"og:site_name\" content=\"Covertto\" \/>\n<meta property=\"article:modified_time\" content=\"2022-12-09T18:13:43+00:00\" \/>\n<meta property=\"og:image\" content=\"https:\/\/testbeta.desarrolloproyectoswp.com\/wp-content\/uploads\/2022\/11\/coperture-telescopiche-alte-per-piscine-006-1024x682-1.jpg\" \/>\n\t<meta property=\"og:image:width\" content=\"1024\" \/>\n\t<meta property=\"og:image:height\" content=\"682\" \/>\n\t<meta property=\"og:image:type\" content=\"image\/jpeg\" \/>\n<meta name=\"twitter:card\" content=\"summary_large_image\" \/>\n<meta name=\"twitter:label1\" content=\"Dur\u00e9e de lecture estim\u00e9e\" \/>\n\t<meta name=\"twitter:data1\" content=\"3 minutes\" \/>\n<script type=\"application\/ld+json\" class=\"yoast-schema-graph\">{\"@context\":\"https:\/\/schema.org\",\"@graph\":[{\"@type\":\"WebPage\",\"@id\":\"https:\/\/testbeta.desarrolloproyectoswp.com\/fr\/guide-dabris-de-piscine\/hiver\/\",\"url\":\"https:\/\/testbeta.desarrolloproyectoswp.com\/fr\/guide-dabris-de-piscine\/hiver\/\",\"name\":\"Hiver - Covertto\",\"isPartOf\":{\"@id\":\"https:\/\/testbeta.desarrolloproyectoswp.com\/fr\/#website\"},\"primaryImageOfPage\":{\"@id\":\"https:\/\/testbeta.desarrolloproyectoswp.com\/fr\/guide-dabris-de-piscine\/hiver\/#primaryimage\"},\"image\":{\"@id\":\"https:\/\/testbeta.desarrolloproyectoswp.com\/fr\/guide-dabris-de-piscine\/hiver\/#primaryimage\"},\"thumbnailUrl\":\"https:\/\/testbeta.desarrolloproyectoswp.com\/wp-content\/uploads\/2022\/11\/coperture-telescopiche-alte-per-piscine-006-1024x682-1.jpg\",\"datePublished\":\"2022-11-01T20:39:11+00:00\",\"dateModified\":\"2022-12-09T18:13:43+00:00\",\"breadcrumb\":{\"@id\":\"https:\/\/testbeta.desarrolloproyectoswp.com\/fr\/guide-dabris-de-piscine\/hiver\/#breadcrumb\"},\"inLanguage\":\"fr-FR\",\"potentialAction\":[{\"@type\":\"ReadAction\",\"target\":[\"https:\/\/testbeta.desarrolloproyectoswp.com\/fr\/guide-dabris-de-piscine\/hiver\/\"]}]},{\"@type\":\"ImageObject\",\"inLanguage\":\"fr-FR\",\"@id\":\"https:\/\/testbeta.desarrolloproyectoswp.com\/fr\/guide-dabris-de-piscine\/hiver\/#primaryimage\",\"url\":\"https:\/\/testbeta.desarrolloproyectoswp.com\/wp-content\/uploads\/2022\/11\/coperture-telescopiche-alte-per-piscine-006-1024x682-1.jpg\",\"contentUrl\":\"https:\/\/testbeta.desarrolloproyectoswp.com\/wp-content\/uploads\/2022\/11\/coperture-telescopiche-alte-per-piscine-006-1024x682-1.jpg\",\"width\":1024,\"height\":682},{\"@type\":\"BreadcrumbList\",\"@id\":\"https:\/\/testbeta.desarrolloproyectoswp.com\/fr\/guide-dabris-de-piscine\/hiver\/#breadcrumb\",\"itemListElement\":[{\"@type\":\"ListItem\",\"position\":1,\"name\":\"Portada\",\"item\":\"https:\/\/testbeta.desarrolloproyectoswp.com\/fr\/\"},{\"@type\":\"ListItem\",\"position\":2,\"name\":\"Guide d\u2019Abris de piscine\",\"item\":\"https:\/\/testbeta.desarrolloproyectoswp.com\/fr\/guide-dabris-de-piscine\/\"},{\"@type\":\"ListItem\",\"position\":3,\"name\":\"Hiver\"}]},{\"@type\":\"WebSite\",\"@id\":\"https:\/\/testbeta.desarrolloproyectoswp.com\/fr\/#website\",\"url\":\"https:\/\/testbeta.desarrolloproyectoswp.com\/fr\/\",\"name\":\"Covertto\",\"description\":\"Cubiertas para Piscinas en Aluminio\",\"potentialAction\":[{\"@type\":\"SearchAction\",\"target\":{\"@type\":\"EntryPoint\",\"urlTemplate\":\"https:\/\/testbeta.desarrolloproyectoswp.com\/fr\/?s={search_term_string}\"},\"query-input\":{\"@type\":\"PropertyValueSpecification\",\"valueRequired\":true,\"valueName\":\"search_term_string\"}}],\"inLanguage\":\"fr-FR\"}]}<\/script>\n<!-- \/ Yoast SEO plugin. -->","yoast_head_json":{"title":"Hiver - Covertto","robots":{"index":"index","follow":"follow","max-snippet":"max-snippet:-1","max-image-preview":"max-image-preview:large","max-video-preview":"max-video-preview:-1"},"canonical":"https:\/\/testbeta.desarrolloproyectoswp.com\/fr\/guide-dabris-de-piscine\/hiver\/","og_locale":"fr_FR","og_type":"article","og_title":"Hiver - Covertto","og_url":"https:\/\/testbeta.desarrolloproyectoswp.com\/fr\/guide-dabris-de-piscine\/hiver\/","og_site_name":"Covertto","article_modified_time":"2022-12-09T18:13:43+00:00","og_image":[{"width":1024,"height":682,"url":"https:\/\/testbeta.desarrolloproyectoswp.com\/wp-content\/uploads\/2022\/11\/coperture-telescopiche-alte-per-piscine-006-1024x682-1.jpg","type":"image\/jpeg"}],"twitter_card":"summary_large_image","twitter_misc":{"Dur\u00e9e de lecture estim\u00e9e":"3 minutes"},"schema":{"@context":"https:\/\/schema.org","@graph":[{"@type":"WebPage","@id":"https:\/\/testbeta.desarrolloproyectoswp.com\/fr\/guide-dabris-de-piscine\/hiver\/","url":"https:\/\/testbeta.desarrolloproyectoswp.com\/fr\/guide-dabris-de-piscine\/hiver\/","name":"Hiver - Covertto","isPartOf":{"@id":"https:\/\/testbeta.desarrolloproyectoswp.com\/fr\/#website"},"primaryImageOfPage":{"@id":"https:\/\/testbeta.desarrolloproyectoswp.com\/fr\/guide-dabris-de-piscine\/hiver\/#primaryimage"},"image":{"@id":"https:\/\/testbeta.desarrolloproyectoswp.com\/fr\/guide-dabris-de-piscine\/hiver\/#primaryimage"},"thumbnailUrl":"https:\/\/testbeta.desarrolloproyectoswp.com\/wp-content\/uploads\/2022\/11\/coperture-telescopiche-alte-per-piscine-006-1024x682-1.jpg","datePublished":"2022-11-01T20:39:11+00:00","dateModified":"2022-12-09T18:13:43+00:00","breadcrumb":{"@id":"https:\/\/testbeta.desarrolloproyectoswp.com\/fr\/guide-dabris-de-piscine\/hiver\/#breadcrumb"},"inLanguage":"fr-FR","potentialAction":[{"@type":"ReadAction","target":["https:\/\/testbeta.desarrolloproyectoswp.com\/fr\/guide-dabris-de-piscine\/hiver\/"]}]},{"@type":"ImageObject","inLanguage":"fr-FR","@id":"https:\/\/testbeta.desarrolloproyectoswp.com\/fr\/guide-dabris-de-piscine\/hiver\/#primaryimage","url":"https:\/\/testbeta.desarrolloproyectoswp.com\/wp-content\/uploads\/2022\/11\/coperture-telescopiche-alte-per-piscine-006-1024x682-1.jpg","contentUrl":"https:\/\/testbeta.desarrolloproyectoswp.com\/wp-content\/uploads\/2022\/11\/coperture-telescopiche-alte-per-piscine-006-1024x682-1.jpg","width":1024,"height":682},{"@type":"BreadcrumbList","@id":"https:\/\/testbeta.desarrolloproyectoswp.com\/fr\/guide-dabris-de-piscine\/hiver\/#breadcrumb","itemListElement":[{"@type":"ListItem","position":1,"name":"Portada","item":"https:\/\/testbeta.desarrolloproyectoswp.com\/fr\/"},{"@type":"ListItem","position":2,"name":"Guide d\u2019Abris de piscine","item":"https:\/\/testbeta.desarrolloproyectoswp.com\/fr\/guide-dabris-de-piscine\/"},{"@type":"ListItem","position":3,"name":"Hiver"}]},{"@type":"WebSite","@id":"https:\/\/testbeta.desarrolloproyectoswp.com\/fr\/#website","url":"https:\/\/testbeta.desarrolloproyectoswp.com\/fr\/","name":"Covertto","description":"Cubiertas para Piscinas en Aluminio","potentialAction":[{"@type":"SearchAction","target":{"@type":"EntryPoint","urlTemplate":"https:\/\/testbeta.desarrolloproyectoswp.com\/fr\/?s={search_term_string}"},"query-input":{"@type":"PropertyValueSpecification","valueRequired":true,"valueName":"search_term_string"}}],"inLanguage":"fr-FR"}]}},"_links":{"self":[{"href":"https:\/\/testbeta.desarrolloproyectoswp.com\/fr\/wp-json\/wp\/v2\/pages\/2088","targetHints":{"allow":["GET"]}}],"collection":[{"href":"https:\/\/testbeta.desarrolloproyectoswp.com\/fr\/wp-json\/wp\/v2\/pages"}],"about":[{"href":"https:\/\/testbeta.desarrolloproyectoswp.com\/fr\/wp-json\/wp\/v2\/types\/page"}],"author":[{"embeddable":true,"href":"https:\/\/testbeta.desarrolloproyectoswp.com\/fr\/wp-json\/wp\/v2\/users\/2"}],"replies":[{"embeddable":true,"href":"https:\/\/testbeta.desarrolloproyectoswp.com\/fr\/wp-json\/wp\/v2\/comments?post=2088"}],"version-history":[{"count":0,"href":"https:\/\/testbeta.desarrolloproyectoswp.com\/fr\/wp-json\/wp\/v2\/pages\/2088\/revisions"}],"up":[{"embeddable":true,"href":"https:\/\/testbeta.desarrolloproyectoswp.com\/fr\/wp-json\/wp\/v2\/pages\/2072"}],"wp:featuredmedia":[{"embeddable":true,"href":"https:\/\/testbeta.desarrolloproyectoswp.com\/fr\/wp-json\/wp\/v2\/media\/1320"}],"wp:attachment":[{"href":"https:\/\/testbeta.desarrolloproyectoswp.com\/fr\/wp-json\/wp\/v2\/media?parent=2088"}],"curies":[{"name":"wp","href":"https:\/\/api.w.org\/{rel}","templated":true}]}}