{"id":2095,"date":"2022-11-02T00:10:05","date_gmt":"2022-11-01T23:10:05","guid":{"rendered":"https:\/\/testbeta.desarrolloproyectoswp.com\/guide-dabris-de-piscine\/de-aluminio-y-policarbonato\/"},"modified":"2022-12-09T19:11:27","modified_gmt":"2022-12-09T18:11:27","slug":"en-aluminium-et-polycarbonate","status":"publish","type":"page","link":"https:\/\/testbeta.desarrolloproyectoswp.com\/fr\/guide-dabris-de-piscine\/en-aluminium-et-polycarbonate\/","title":{"rendered":"En aluminium et polycarbonate"},"content":{"rendered":"<section class=\"l-section wpb_row us_custom_1825b8b8 height_medium\" id=\"header_ofertas\"><div class=\"l-section-overlay\" style=\"background:rgba(0,0,0,0.30)\"><\/div><div class=\"l-section-h i-cf\"><div class=\"g-cols vc_row via_flex valign_middle type_default stacking_default\"><div class=\"vc_col-sm-12 wpb_column vc_column_container\"><div class=\"vc_column-inner\"><div class=\"wpb_wrapper\"><div class=\"wpb_text_column us_custom_8674eabf tit_guia_cubierta has_text_color us_animate_this\"><div class=\"wpb_wrapper\"><h2 style=\"text-align: center;\">Guide d\u2019Abris de piscine<\/h2>\n<\/div><\/div><\/div><\/div><\/div><\/div><\/div><\/section><section class=\"l-section wpb_row us_custom_b8d56632 height_huge width_full\"><div class=\"l-section-h i-cf\"><div class=\"g-cols vc_row via_flex valign_top type_default stacking_default\"><div class=\"vc_col-sm-12 wpb_column vc_column_container\"><div class=\"vc_column-inner\"><div class=\"wpb_wrapper\"><div class=\"wpb_text_column big_title\"><div class=\"wpb_wrapper\"><h1><span class=\"r-light\">ABRI DE PISCINE EN<\/span><br \/>\nALUMINIUM ET POLYCARBONATE<\/h1>\n<\/div><\/div><\/div><\/div><\/div><\/div><\/div><\/section><section class=\"l-section wpb_row height_auto width_full\"><div class=\"l-section-h i-cf\"><div class=\"g-cols vc_row via_flex valign_top type_default stacking_default\"><div class=\"vc_col-sm-12 wpb_column vc_column_container\"><div class=\"vc_column-inner\"><div class=\"wpb_wrapper\"><div class=\"w-grid type_carousel layout_525\" id=\"us_grid_1\"><style>.layout_525 .w-grid-item-h{}<\/style><div class=\"w-grid-list owl-carousel navstyle_circle navpos_inside autoheight\" style=\"--arrows-size:1.8rem;\">\t<article class=\"w-grid-item post-1344 attachment type-attachment status-inherit hentry\" data-id=\"1344\">\r\n\t\t<div class=\"w-grid-item-h\">\r\n\t\t\t\t\t\t<div class=\"w-post-elm post_image usg_post_image_1 has_ratio\"><div style=\"padding-bottom:56.25%\"><\/div><img decoding=\"async\" width=\"1024\" height=\"682\" src=\"https:\/\/testbeta.desarrolloproyectoswp.com\/wp-content\/uploads\/2022\/11\/coperture-basse-per-piscine-telescopiche-con-guide-010-1024x682-1.jpg\" class=\"attachment-large size-large\" alt=\"\" srcset=\"https:\/\/testbeta.desarrolloproyectoswp.com\/wp-content\/uploads\/2022\/11\/coperture-basse-per-piscine-telescopiche-con-guide-010-1024x682-1.jpg 1024w, https:\/\/testbeta.desarrolloproyectoswp.com\/wp-content\/uploads\/2022\/11\/coperture-basse-per-piscine-telescopiche-con-guide-010-1024x682-1-300x200.jpg 300w\" sizes=\"(max-width: 1024px) 100vw, 1024px\" \/><\/div>\t\t<\/div>\r\n\t<\/article>\r\n\t<article class=\"w-grid-item post-1346 attachment type-attachment status-inherit hentry\" data-id=\"1346\">\r\n\t\t<div class=\"w-grid-item-h\">\r\n\t\t\t\t\t\t<div class=\"w-post-elm post_image usg_post_image_1 has_ratio\"><div style=\"padding-bottom:56.25%\"><\/div><img decoding=\"async\" width=\"1024\" height=\"682\" src=\"https:\/\/testbeta.desarrolloproyectoswp.com\/wp-content\/uploads\/2022\/11\/coperture-telescopiche-alte-per-piscine-private-platino-telescopica-007-1024x682-1.jpg\" class=\"attachment-large size-large\" alt=\"\" srcset=\"https:\/\/testbeta.desarrolloproyectoswp.com\/wp-content\/uploads\/2022\/11\/coperture-telescopiche-alte-per-piscine-private-platino-telescopica-007-1024x682-1.jpg 1024w, https:\/\/testbeta.desarrolloproyectoswp.com\/wp-content\/uploads\/2022\/11\/coperture-telescopiche-alte-per-piscine-private-platino-telescopica-007-1024x682-1-300x200.jpg 300w\" sizes=\"(max-width: 1024px) 100vw, 1024px\" \/><\/div>\t\t<\/div>\r\n\t<\/article>\r\n<\/div><div class=\"g-preloader type_1\">\r\n\t<div><\/div>\r\n<\/div>\r\n\t<div class=\"w-grid-json hidden\" onclick='return {&quot;action&quot;:&quot;us_ajax_grid&quot;,&quot;ajax_url&quot;:&quot;https:\\\/\\\/testbeta.desarrolloproyectoswp.com\\\/wp-admin\\\/admin-ajax.php&quot;,&quot;infinite_scroll&quot;:0,&quot;max_num_pages&quot;:1,&quot;pagination&quot;:&quot;none&quot;,&quot;permalink_url&quot;:&quot;https:\\\/\\\/testbeta.desarrolloproyectoswp.com\\\/fr\\\/wp-json\\\/wp\\\/v2\\\/pages\\\/2095\\\/&quot;,&quot;template_vars&quot;:{&quot;columns&quot;:&quot;1&quot;,&quot;exclude_items&quot;:&quot;none&quot;,&quot;img_size&quot;:&quot;default&quot;,&quot;ignore_items_size&quot;:0,&quot;items_layout&quot;:&quot;525&quot;,&quot;items_offset&quot;:&quot;1&quot;,&quot;load_animation&quot;:&quot;none&quot;,&quot;overriding_link&quot;:&quot;none&quot;,&quot;post_id&quot;:2095,&quot;query_args&quot;:{&quot;post_type&quot;:[&quot;attachment&quot;],&quot;post__in&quot;:[&quot;581&quot;,&quot;582&quot;],&quot;post_status&quot;:&quot;inherit&quot;,&quot;post_mime_type&quot;:&quot;image&quot;,&quot;posts_per_page&quot;:&quot;10&quot;},&quot;orderby_query_args&quot;:{&quot;orderby&quot;:{&quot;post__in&quot;:&quot;ASC&quot;},&quot;order&quot;:&quot;ASC&quot;},&quot;type&quot;:&quot;carousel&quot;,&quot;us_grid_ajax_index&quot;:1,&quot;us_grid_filter_params&quot;:null,&quot;us_grid_index&quot;:1,&quot;_us_grid_post_type&quot;:&quot;attachment&quot;,&quot;lang&quot;:&quot;fr&quot;},&quot;carousel_settings&quot;:{&quot;autoHeight&quot;:1,&quot;autoplay&quot;:0,&quot;carousel_fade&quot;:0,&quot;center&quot;:0,&quot;dots&quot;:0,&quot;items&quot;:&quot;1&quot;,&quot;loop&quot;:false,&quot;nav&quot;:1,&quot;slideby&quot;:&quot;1&quot;,&quot;smooth_play&quot;:0,&quot;speed&quot;:250,&quot;timeout&quot;:3000,&quot;transition&quot;:&quot;&quot;},&quot;carousel_breakpoints&quot;:{&quot;0&quot;:{&quot;autoHeight&quot;:1,&quot;autoplay&quot;:0,&quot;autoplayHoverPause&quot;:0,&quot;items&quot;:1,&quot;loop&quot;:false,&quot;stagePadding&quot;:0},&quot;600&quot;:{&quot;autoHeight&quot;:1,&quot;autoplay&quot;:0,&quot;autoplayHoverPause&quot;:0,&quot;items&quot;:&quot;1&quot;,&quot;loop&quot;:false,&quot;stagePadding&quot;:0},&quot;900&quot;:{&quot;autoHeight&quot;:1,&quot;autoplay&quot;:0,&quot;autoplayHoverPause&quot;:0,&quot;items&quot;:&quot;1&quot;,&quot;loop&quot;:false,&quot;stagePadding&quot;:0},&quot;1200&quot;:{&quot;items&quot;:1,&quot;stagePadding&quot;:0}}}'><\/div>\r\n\t<\/div><\/div><\/div><\/div><\/div><\/div><\/section><section class=\"l-section wpb_row height_medium\"><div class=\"l-section-h i-cf\"><div class=\"g-cols vc_row via_flex valign_top type_default stacking_default\"><div class=\"vc_col-sm-6 wpb_column vc_column_container\"><div class=\"vc_column-inner\"><div class=\"wpb_wrapper\"><div class=\"wpb_text_column\"><div class=\"wpb_wrapper\"><p>Particuli\u00e8rement l\u00e9gers, mais tout aussi r\u00e9sistants : c&rsquo;est ainsi que se pr\u00e9sentent les <strong>Abris de piscine en aluminium<\/strong>, r\u00e9alis\u00e9s avec le savoir-faire des techniciens sp\u00e9cialis\u00e9s de l&rsquo;\u00e9quipe COVERTTO, avec un catalogue large et diversifi\u00e9 de solutions toujours \u00e0 jour avec les nouvelles exigences d&rsquo;un march\u00e9 en constante \u00e9volution. Gr\u00e2ce aux structures porteuses constitu\u00e9es d&rsquo;arcs modulaires autoportants, et gr\u00e2ce \u00e0 la grande combinaison de l\u00e9g\u00e8ret\u00e9 et de r\u00e9sistance garantie par les profil\u00e9s structurels en alliage d&rsquo;aluminium, les <strong>Abris de piscine t\u00e9lescopiques<\/strong> sont id\u00e9aux pour prot\u00e9ger les petites, moyennes et grandes piscines, \u00e0 usage public et priv\u00e9, dans des contextes r\u00e9sidentiels ou pour des activit\u00e9s ouvertes au public, comme les centres de bien-\u00eatre, les gymnases, les restaurants, les spas ou les r\u00e9sidences, o\u00f9 l&rsquo;on peut profiter d&rsquo;un bain de piscine insolite m\u00eame pendant une chute de neige. La grande polyvalence de l&rsquo;aluminium permet de r\u00e9aliser des structures de section et d&rsquo;\u00e9paisseur variables, bien \u00e9quilibr\u00e9es par la grande solidit\u00e9 et la r\u00e9sistance offertes \u00e9galement par les \u00e9triers de connexion en acier inoxydable et les vis de fixation en acier M8 \/ A2. Avec un large choix parmi les diff\u00e9rents types de formes (polygonales, arrondies), les <strong>Abris de piscine en aluminium<\/strong> produits par COVERTTO garantissent toujours l&rsquo;\u00e9l\u00e9gance et une excellente r\u00e9sistance aux forces et aux charges ext\u00e9rieures, en premier lieu celles caus\u00e9es par les agents atmosph\u00e9riques et climatiques, comme dans le cas d&rsquo;une forte chute de neige dont le poids s&rsquo;accumule sur les panneaux de la structure.<\/p>\n<\/div><\/div><\/div><\/div><\/div><div class=\"vc_col-sm-6 wpb_column vc_column_container\"><div class=\"vc_column-inner\"><div class=\"wpb_wrapper\"><div class=\"wpb_text_column\"><div class=\"wpb_wrapper\"><p>La structure et les composants qui donnent vie \u00e0 <strong>l&rsquo;Abri de piscine t\u00e9lescopique<\/strong> Abri de piscine sont en tous points conformes aux derni\u00e8res normes de s\u00e9curit\u00e9 europ\u00e9ennes et peuvent facilement \u00eatre certifi\u00e9s par le fabricant, sur demande \u00e9galement \u00e0 des fins de certification de g\u00e9nie civil. Le vent, la neige et les autres agents m\u00e9t\u00e9orologiques typiques des \u00e9v\u00e9nements climatiques violents ne seront plus une pr\u00e9occupation gr\u00e2ce \u00e0 l&rsquo;ancrage puissant des montants des modules fix\u00e9s au sol par l&rsquo;installation d&rsquo;accessoires sp\u00e9ciaux, sp\u00e9cifiquement test\u00e9s pour r\u00e9sister \u00e0 une force maximale provenant de l&rsquo;ext\u00e9rieur. Les m\u00eames caract\u00e9ristiques de r\u00e9sistance caract\u00e9risent \u00e9galement <strong>les Abris de piscine aux formes accroch\u00e9es<\/strong>, qui peuvent \u00eatre install\u00e9s par exemple en contact direct avec un mur ext\u00e9rieur du b\u00e2timent, en augmentant efficacement l&rsquo;espace habitable, avec la possibilit\u00e9 de meubler de grands espaces pr\u00e8s de la piscine en cr\u00e9ant une v\u00e9ritable zone de bien-\u00eatre, dans laquelle entrer pour profiter d&rsquo;un repos agr\u00e9able et relaxant \u00e0 tout moment. Les panneaux transparents des <strong>Abris de piscine t\u00e9lescopiques en aluminium <\/strong>cr\u00e9eront une barri\u00e8re imp\u00e9n\u00e9trable entre la chaleur de l&rsquo;environnement de la piscine et de l&rsquo;eau et tout climat ext\u00e9rieur, avec la grande praticit\u00e9 d&rsquo;une structure toujours pr\u00e9sente et capable de limiter au minimum les travaux d&rsquo;entretien de la piscine, ainsi que de garantir d&rsquo;importantes \u00e9conomies d&rsquo;\u00e9nergie gr\u00e2ce \u00e0 l&rsquo;exploitation naturelle de l&rsquo;effet de serre. Comme pour toutes les structures produites et commercialis\u00e9es directement par COVERTTO, \u00e9galement sp\u00e9cialis\u00e9e dans l&rsquo;assistance technique apr\u00e8s-vente, il est possible de demander un projet sur mesure en fonction des besoins personnels sp\u00e9cifiques, et m\u00eame le choix de la couleur pour un meilleur impact visuel.<\/p>\n<\/div><\/div><\/div><\/div><\/div><\/div><\/div><\/section><section class=\"l-section wpb_row us_custom_b03640aa height_medium\"><div class=\"l-section-h i-cf\"><div class=\"g-cols vc_row via_flex valign_top type_default stacking_default\"><div class=\"vc_col-sm-12 wpb_column vc_column_container\"><div class=\"vc_column-inner\"><div class=\"wpb_wrapper\"><div class=\"w-btn-wrapper align_center\"><a class=\"w-btn us-btn-style_2\" title=\"Contact\" href=\"\/fr\/contact\/\"><span class=\"w-btn-label\">Contact<\/span><\/a><\/div><div class=\"w-separator size_medium\"><\/div><\/div><\/div><\/div><\/div><\/div><\/section>\n","protected":false},"excerpt":{"rendered":"","protected":false},"author":2,"featured_media":1344,"parent":2072,"menu_order":0,"comment_status":"closed","ping_status":"closed","template":"","meta":{"footnotes":""},"class_list":["post-2095","page","type-page","status-publish","has-post-thumbnail","hentry"],"acf":[],"yoast_head":"<!-- This site is optimized with the Yoast SEO plugin v27.2 - https:\/\/yoast.com\/product\/yoast-seo-wordpress\/ -->\n<title>En aluminium et polycarbonate - Covertto<\/title>\n<meta name=\"robots\" content=\"index, follow, max-snippet:-1, max-image-preview:large, max-video-preview:-1\" \/>\n<link rel=\"canonical\" href=\"https:\/\/testbeta.desarrolloproyectoswp.com\/fr\/guide-dabris-de-piscine\/en-aluminium-et-polycarbonate\/\" \/>\n<meta property=\"og:locale\" content=\"fr_FR\" \/>\n<meta property=\"og:type\" content=\"article\" \/>\n<meta property=\"og:title\" content=\"En aluminium et polycarbonate - Covertto\" \/>\n<meta property=\"og:url\" content=\"https:\/\/testbeta.desarrolloproyectoswp.com\/fr\/guide-dabris-de-piscine\/en-aluminium-et-polycarbonate\/\" \/>\n<meta property=\"og:site_name\" content=\"Covertto\" \/>\n<meta property=\"article:modified_time\" content=\"2022-12-09T18:11:27+00:00\" \/>\n<meta property=\"og:image\" content=\"https:\/\/testbeta.desarrolloproyectoswp.com\/wp-content\/uploads\/2022\/11\/coperture-basse-per-piscine-telescopiche-con-guide-010-1024x682-1.jpg\" \/>\n\t<meta property=\"og:image:width\" content=\"1024\" \/>\n\t<meta property=\"og:image:height\" content=\"682\" \/>\n\t<meta property=\"og:image:type\" content=\"image\/jpeg\" \/>\n<meta name=\"twitter:card\" content=\"summary_large_image\" \/>\n<meta name=\"twitter:label1\" content=\"Dur\u00e9e de lecture estim\u00e9e\" \/>\n\t<meta name=\"twitter:data1\" content=\"3 minutes\" \/>\n<script type=\"application\/ld+json\" class=\"yoast-schema-graph\">{\"@context\":\"https:\/\/schema.org\",\"@graph\":[{\"@type\":\"WebPage\",\"@id\":\"https:\/\/testbeta.desarrolloproyectoswp.com\/fr\/guide-dabris-de-piscine\/en-aluminium-et-polycarbonate\/\",\"url\":\"https:\/\/testbeta.desarrolloproyectoswp.com\/fr\/guide-dabris-de-piscine\/en-aluminium-et-polycarbonate\/\",\"name\":\"En aluminium et polycarbonate - Covertto\",\"isPartOf\":{\"@id\":\"https:\/\/testbeta.desarrolloproyectoswp.com\/fr\/#website\"},\"primaryImageOfPage\":{\"@id\":\"https:\/\/testbeta.desarrolloproyectoswp.com\/fr\/guide-dabris-de-piscine\/en-aluminium-et-polycarbonate\/#primaryimage\"},\"image\":{\"@id\":\"https:\/\/testbeta.desarrolloproyectoswp.com\/fr\/guide-dabris-de-piscine\/en-aluminium-et-polycarbonate\/#primaryimage\"},\"thumbnailUrl\":\"https:\/\/testbeta.desarrolloproyectoswp.com\/wp-content\/uploads\/2022\/11\/coperture-basse-per-piscine-telescopiche-con-guide-010-1024x682-1.jpg\",\"datePublished\":\"2022-11-01T23:10:05+00:00\",\"dateModified\":\"2022-12-09T18:11:27+00:00\",\"breadcrumb\":{\"@id\":\"https:\/\/testbeta.desarrolloproyectoswp.com\/fr\/guide-dabris-de-piscine\/en-aluminium-et-polycarbonate\/#breadcrumb\"},\"inLanguage\":\"fr-FR\",\"potentialAction\":[{\"@type\":\"ReadAction\",\"target\":[\"https:\/\/testbeta.desarrolloproyectoswp.com\/fr\/guide-dabris-de-piscine\/en-aluminium-et-polycarbonate\/\"]}]},{\"@type\":\"ImageObject\",\"inLanguage\":\"fr-FR\",\"@id\":\"https:\/\/testbeta.desarrolloproyectoswp.com\/fr\/guide-dabris-de-piscine\/en-aluminium-et-polycarbonate\/#primaryimage\",\"url\":\"https:\/\/testbeta.desarrolloproyectoswp.com\/wp-content\/uploads\/2022\/11\/coperture-basse-per-piscine-telescopiche-con-guide-010-1024x682-1.jpg\",\"contentUrl\":\"https:\/\/testbeta.desarrolloproyectoswp.com\/wp-content\/uploads\/2022\/11\/coperture-basse-per-piscine-telescopiche-con-guide-010-1024x682-1.jpg\",\"width\":1024,\"height\":682},{\"@type\":\"BreadcrumbList\",\"@id\":\"https:\/\/testbeta.desarrolloproyectoswp.com\/fr\/guide-dabris-de-piscine\/en-aluminium-et-polycarbonate\/#breadcrumb\",\"itemListElement\":[{\"@type\":\"ListItem\",\"position\":1,\"name\":\"Portada\",\"item\":\"https:\/\/testbeta.desarrolloproyectoswp.com\/fr\/\"},{\"@type\":\"ListItem\",\"position\":2,\"name\":\"Guide d\u2019Abris de piscine\",\"item\":\"https:\/\/testbeta.desarrolloproyectoswp.com\/fr\/guide-dabris-de-piscine\/\"},{\"@type\":\"ListItem\",\"position\":3,\"name\":\"En aluminium et polycarbonate\"}]},{\"@type\":\"WebSite\",\"@id\":\"https:\/\/testbeta.desarrolloproyectoswp.com\/fr\/#website\",\"url\":\"https:\/\/testbeta.desarrolloproyectoswp.com\/fr\/\",\"name\":\"Covertto\",\"description\":\"Cubiertas para Piscinas en Aluminio\",\"potentialAction\":[{\"@type\":\"SearchAction\",\"target\":{\"@type\":\"EntryPoint\",\"urlTemplate\":\"https:\/\/testbeta.desarrolloproyectoswp.com\/fr\/?s={search_term_string}\"},\"query-input\":{\"@type\":\"PropertyValueSpecification\",\"valueRequired\":true,\"valueName\":\"search_term_string\"}}],\"inLanguage\":\"fr-FR\"}]}<\/script>\n<!-- \/ Yoast SEO plugin. -->","yoast_head_json":{"title":"En aluminium et polycarbonate - Covertto","robots":{"index":"index","follow":"follow","max-snippet":"max-snippet:-1","max-image-preview":"max-image-preview:large","max-video-preview":"max-video-preview:-1"},"canonical":"https:\/\/testbeta.desarrolloproyectoswp.com\/fr\/guide-dabris-de-piscine\/en-aluminium-et-polycarbonate\/","og_locale":"fr_FR","og_type":"article","og_title":"En aluminium et polycarbonate - Covertto","og_url":"https:\/\/testbeta.desarrolloproyectoswp.com\/fr\/guide-dabris-de-piscine\/en-aluminium-et-polycarbonate\/","og_site_name":"Covertto","article_modified_time":"2022-12-09T18:11:27+00:00","og_image":[{"width":1024,"height":682,"url":"https:\/\/testbeta.desarrolloproyectoswp.com\/wp-content\/uploads\/2022\/11\/coperture-basse-per-piscine-telescopiche-con-guide-010-1024x682-1.jpg","type":"image\/jpeg"}],"twitter_card":"summary_large_image","twitter_misc":{"Dur\u00e9e de lecture estim\u00e9e":"3 minutes"},"schema":{"@context":"https:\/\/schema.org","@graph":[{"@type":"WebPage","@id":"https:\/\/testbeta.desarrolloproyectoswp.com\/fr\/guide-dabris-de-piscine\/en-aluminium-et-polycarbonate\/","url":"https:\/\/testbeta.desarrolloproyectoswp.com\/fr\/guide-dabris-de-piscine\/en-aluminium-et-polycarbonate\/","name":"En aluminium et polycarbonate - Covertto","isPartOf":{"@id":"https:\/\/testbeta.desarrolloproyectoswp.com\/fr\/#website"},"primaryImageOfPage":{"@id":"https:\/\/testbeta.desarrolloproyectoswp.com\/fr\/guide-dabris-de-piscine\/en-aluminium-et-polycarbonate\/#primaryimage"},"image":{"@id":"https:\/\/testbeta.desarrolloproyectoswp.com\/fr\/guide-dabris-de-piscine\/en-aluminium-et-polycarbonate\/#primaryimage"},"thumbnailUrl":"https:\/\/testbeta.desarrolloproyectoswp.com\/wp-content\/uploads\/2022\/11\/coperture-basse-per-piscine-telescopiche-con-guide-010-1024x682-1.jpg","datePublished":"2022-11-01T23:10:05+00:00","dateModified":"2022-12-09T18:11:27+00:00","breadcrumb":{"@id":"https:\/\/testbeta.desarrolloproyectoswp.com\/fr\/guide-dabris-de-piscine\/en-aluminium-et-polycarbonate\/#breadcrumb"},"inLanguage":"fr-FR","potentialAction":[{"@type":"ReadAction","target":["https:\/\/testbeta.desarrolloproyectoswp.com\/fr\/guide-dabris-de-piscine\/en-aluminium-et-polycarbonate\/"]}]},{"@type":"ImageObject","inLanguage":"fr-FR","@id":"https:\/\/testbeta.desarrolloproyectoswp.com\/fr\/guide-dabris-de-piscine\/en-aluminium-et-polycarbonate\/#primaryimage","url":"https:\/\/testbeta.desarrolloproyectoswp.com\/wp-content\/uploads\/2022\/11\/coperture-basse-per-piscine-telescopiche-con-guide-010-1024x682-1.jpg","contentUrl":"https:\/\/testbeta.desarrolloproyectoswp.com\/wp-content\/uploads\/2022\/11\/coperture-basse-per-piscine-telescopiche-con-guide-010-1024x682-1.jpg","width":1024,"height":682},{"@type":"BreadcrumbList","@id":"https:\/\/testbeta.desarrolloproyectoswp.com\/fr\/guide-dabris-de-piscine\/en-aluminium-et-polycarbonate\/#breadcrumb","itemListElement":[{"@type":"ListItem","position":1,"name":"Portada","item":"https:\/\/testbeta.desarrolloproyectoswp.com\/fr\/"},{"@type":"ListItem","position":2,"name":"Guide d\u2019Abris de piscine","item":"https:\/\/testbeta.desarrolloproyectoswp.com\/fr\/guide-dabris-de-piscine\/"},{"@type":"ListItem","position":3,"name":"En aluminium et polycarbonate"}]},{"@type":"WebSite","@id":"https:\/\/testbeta.desarrolloproyectoswp.com\/fr\/#website","url":"https:\/\/testbeta.desarrolloproyectoswp.com\/fr\/","name":"Covertto","description":"Cubiertas para Piscinas en Aluminio","potentialAction":[{"@type":"SearchAction","target":{"@type":"EntryPoint","urlTemplate":"https:\/\/testbeta.desarrolloproyectoswp.com\/fr\/?s={search_term_string}"},"query-input":{"@type":"PropertyValueSpecification","valueRequired":true,"valueName":"search_term_string"}}],"inLanguage":"fr-FR"}]}},"_links":{"self":[{"href":"https:\/\/testbeta.desarrolloproyectoswp.com\/fr\/wp-json\/wp\/v2\/pages\/2095","targetHints":{"allow":["GET"]}}],"collection":[{"href":"https:\/\/testbeta.desarrolloproyectoswp.com\/fr\/wp-json\/wp\/v2\/pages"}],"about":[{"href":"https:\/\/testbeta.desarrolloproyectoswp.com\/fr\/wp-json\/wp\/v2\/types\/page"}],"author":[{"embeddable":true,"href":"https:\/\/testbeta.desarrolloproyectoswp.com\/fr\/wp-json\/wp\/v2\/users\/2"}],"replies":[{"embeddable":true,"href":"https:\/\/testbeta.desarrolloproyectoswp.com\/fr\/wp-json\/wp\/v2\/comments?post=2095"}],"version-history":[{"count":0,"href":"https:\/\/testbeta.desarrolloproyectoswp.com\/fr\/wp-json\/wp\/v2\/pages\/2095\/revisions"}],"up":[{"embeddable":true,"href":"https:\/\/testbeta.desarrolloproyectoswp.com\/fr\/wp-json\/wp\/v2\/pages\/2072"}],"wp:featuredmedia":[{"embeddable":true,"href":"https:\/\/testbeta.desarrolloproyectoswp.com\/fr\/wp-json\/wp\/v2\/media\/1344"}],"wp:attachment":[{"href":"https:\/\/testbeta.desarrolloproyectoswp.com\/fr\/wp-json\/wp\/v2\/media?parent=2095"}],"curies":[{"name":"wp","href":"https:\/\/api.w.org\/{rel}","templated":true}]}}