{"id":2101,"date":"2022-11-02T00:17:54","date_gmt":"2022-11-01T23:17:54","guid":{"rendered":"https:\/\/testbeta.desarrolloproyectoswp.com\/guide-dabris-de-piscine\/economicas\/"},"modified":"2022-12-09T19:11:13","modified_gmt":"2022-12-09T18:11:13","slug":"economique","status":"publish","type":"page","link":"https:\/\/testbeta.desarrolloproyectoswp.com\/fr\/guide-dabris-de-piscine\/economique\/","title":{"rendered":"Economique"},"content":{"rendered":"<section class=\"l-section wpb_row us_custom_1825b8b8 height_medium\" id=\"header_ofertas\"><div class=\"l-section-overlay\" style=\"background:rgba(0,0,0,0.30)\"><\/div><div class=\"l-section-h i-cf\"><div class=\"g-cols vc_row via_flex valign_middle type_default stacking_default\"><div class=\"vc_col-sm-12 wpb_column vc_column_container\"><div class=\"vc_column-inner\"><div class=\"wpb_wrapper\"><div class=\"wpb_text_column us_custom_8674eabf tit_guia_cubierta has_text_color us_animate_this\"><div class=\"wpb_wrapper\"><h2 style=\"text-align: center;\">Guide d\u2019Abris de piscine<\/h2>\n<\/div><\/div><\/div><\/div><\/div><\/div><\/div><\/section><section class=\"l-section wpb_row us_custom_b8d56632 height_huge width_full\"><div class=\"l-section-h i-cf\"><div class=\"g-cols vc_row via_flex valign_top type_default stacking_default\"><div class=\"vc_col-sm-12 wpb_column vc_column_container\"><div class=\"vc_column-inner\"><div class=\"wpb_wrapper\"><div class=\"wpb_text_column big_title\"><div class=\"wpb_wrapper\"><h1><span class=\"r-light\">ABRI DE PISCINE<\/span><br \/>\nECONOMIQUE<\/h1>\n<\/div><\/div><\/div><\/div><\/div><\/div><\/div><\/section><section class=\"l-section wpb_row height_auto width_full\"><div class=\"l-section-h i-cf\"><div class=\"g-cols vc_row via_flex valign_top type_default stacking_default\"><div class=\"vc_col-sm-12 wpb_column vc_column_container\"><div class=\"vc_column-inner\"><div class=\"wpb_wrapper\"><div class=\"w-grid type_carousel layout_525\" id=\"us_grid_1\"><style>.layout_525 .w-grid-item-h{}<\/style><div class=\"w-grid-list owl-carousel navstyle_circle navpos_inside autoheight\" style=\"--arrows-size:1.8rem;\">\t<article class=\"w-grid-item post-1350 attachment type-attachment status-inherit hentry\" data-id=\"1350\">\r\n\t\t<div class=\"w-grid-item-h\">\r\n\t\t\t\t\t\t<div class=\"w-post-elm post_image usg_post_image_1 has_ratio\"><div style=\"padding-bottom:56.25%\"><\/div><img decoding=\"async\" width=\"1024\" height=\"682\" src=\"https:\/\/testbeta.desarrolloproyectoswp.com\/wp-content\/uploads\/2022\/11\/coperture-basse-per-piscine-asportabili-004-1024x682-1.jpg\" class=\"attachment-large size-large\" alt=\"\" srcset=\"https:\/\/testbeta.desarrolloproyectoswp.com\/wp-content\/uploads\/2022\/11\/coperture-basse-per-piscine-asportabili-004-1024x682-1.jpg 1024w, https:\/\/testbeta.desarrolloproyectoswp.com\/wp-content\/uploads\/2022\/11\/coperture-basse-per-piscine-asportabili-004-1024x682-1-300x200.jpg 300w\" sizes=\"(max-width: 1024px) 100vw, 1024px\" \/><\/div>\t\t<\/div>\r\n\t<\/article>\r\n\t<article class=\"w-grid-item post-1352 attachment type-attachment status-inherit hentry\" data-id=\"1352\">\r\n\t\t<div class=\"w-grid-item-h\">\r\n\t\t\t\t\t\t<div class=\"w-post-elm post_image usg_post_image_1 has_ratio\"><div style=\"padding-bottom:56.25%\"><\/div><img decoding=\"async\" width=\"1024\" height=\"682\" src=\"https:\/\/testbeta.desarrolloproyectoswp.com\/wp-content\/uploads\/2022\/11\/coperture-basse-per-piscine-asportabili-005-1024x682-1.jpg\" class=\"attachment-large size-large\" alt=\"\" srcset=\"https:\/\/testbeta.desarrolloproyectoswp.com\/wp-content\/uploads\/2022\/11\/coperture-basse-per-piscine-asportabili-005-1024x682-1.jpg 1024w, https:\/\/testbeta.desarrolloproyectoswp.com\/wp-content\/uploads\/2022\/11\/coperture-basse-per-piscine-asportabili-005-1024x682-1-300x200.jpg 300w\" sizes=\"(max-width: 1024px) 100vw, 1024px\" \/><\/div>\t\t<\/div>\r\n\t<\/article>\r\n<\/div><div class=\"g-preloader type_1\">\r\n\t<div><\/div>\r\n<\/div>\r\n\t<div class=\"w-grid-json hidden\" onclick='return {&quot;action&quot;:&quot;us_ajax_grid&quot;,&quot;ajax_url&quot;:&quot;https:\\\/\\\/testbeta.desarrolloproyectoswp.com\\\/wp-admin\\\/admin-ajax.php&quot;,&quot;infinite_scroll&quot;:0,&quot;max_num_pages&quot;:1,&quot;pagination&quot;:&quot;none&quot;,&quot;permalink_url&quot;:&quot;https:\\\/\\\/testbeta.desarrolloproyectoswp.com\\\/fr\\\/wp-json\\\/wp\\\/v2\\\/pages\\\/2101\\\/&quot;,&quot;template_vars&quot;:{&quot;columns&quot;:&quot;1&quot;,&quot;exclude_items&quot;:&quot;none&quot;,&quot;img_size&quot;:&quot;default&quot;,&quot;ignore_items_size&quot;:0,&quot;items_layout&quot;:&quot;525&quot;,&quot;items_offset&quot;:&quot;1&quot;,&quot;load_animation&quot;:&quot;none&quot;,&quot;overriding_link&quot;:&quot;none&quot;,&quot;post_id&quot;:2101,&quot;query_args&quot;:{&quot;post_type&quot;:[&quot;attachment&quot;],&quot;post__in&quot;:[&quot;590&quot;,&quot;591&quot;],&quot;post_status&quot;:&quot;inherit&quot;,&quot;post_mime_type&quot;:&quot;image&quot;,&quot;posts_per_page&quot;:&quot;10&quot;},&quot;orderby_query_args&quot;:{&quot;orderby&quot;:{&quot;post__in&quot;:&quot;ASC&quot;},&quot;order&quot;:&quot;ASC&quot;},&quot;type&quot;:&quot;carousel&quot;,&quot;us_grid_ajax_index&quot;:1,&quot;us_grid_filter_params&quot;:null,&quot;us_grid_index&quot;:1,&quot;_us_grid_post_type&quot;:&quot;attachment&quot;,&quot;lang&quot;:&quot;fr&quot;},&quot;carousel_settings&quot;:{&quot;autoHeight&quot;:1,&quot;autoplay&quot;:0,&quot;carousel_fade&quot;:0,&quot;center&quot;:0,&quot;dots&quot;:0,&quot;items&quot;:&quot;1&quot;,&quot;loop&quot;:false,&quot;nav&quot;:1,&quot;slideby&quot;:&quot;1&quot;,&quot;smooth_play&quot;:0,&quot;speed&quot;:250,&quot;timeout&quot;:3000,&quot;transition&quot;:&quot;&quot;},&quot;carousel_breakpoints&quot;:{&quot;0&quot;:{&quot;autoHeight&quot;:1,&quot;autoplay&quot;:0,&quot;autoplayHoverPause&quot;:0,&quot;items&quot;:1,&quot;loop&quot;:false,&quot;stagePadding&quot;:0},&quot;600&quot;:{&quot;autoHeight&quot;:1,&quot;autoplay&quot;:0,&quot;autoplayHoverPause&quot;:0,&quot;items&quot;:&quot;1&quot;,&quot;loop&quot;:false,&quot;stagePadding&quot;:0},&quot;900&quot;:{&quot;autoHeight&quot;:1,&quot;autoplay&quot;:0,&quot;autoplayHoverPause&quot;:0,&quot;items&quot;:&quot;1&quot;,&quot;loop&quot;:false,&quot;stagePadding&quot;:0},&quot;1200&quot;:{&quot;items&quot;:1,&quot;stagePadding&quot;:0}}}'><\/div>\r\n\t<\/div><\/div><\/div><\/div><\/div><\/div><\/section><section class=\"l-section wpb_row height_medium\"><div class=\"l-section-h i-cf\"><div class=\"g-cols vc_row via_flex valign_top type_default stacking_default\"><div class=\"vc_col-sm-6 wpb_column vc_column_container\"><div class=\"vc_column-inner\"><div class=\"wpb_wrapper\"><div class=\"wpb_text_column\"><div class=\"wpb_wrapper\"><p>Avoir la possibilit\u00e9 d&rsquo;installer une piscine ne signifie pas que l&rsquo;on ne puisse pas aussi avoir la n\u00e9cessit\u00e9 de limiter au maximum les d\u00e9penses en accessoires pour compl\u00e9ter l&rsquo;installation, ou pour la rendre plus fonctionnelle et utilisable, et donc plus rentable en lui donnant une utilisation plus fr\u00e9quente. C&rsquo;est ce qui explique, par exemple, le grand succ\u00e8s <strong>des Abris de piscine \u00e9conomiques<\/strong> propos\u00e9s aux clients de COVERTTO. Pour r\u00e9pondre aux besoins de ceux qui abordent le monde des <strong>Abris de piscine<\/strong> avec un budget plus limit\u00e9, COVERTTO a pr\u00e9par\u00e9 une large gamme de solutions moins ch\u00e8res mais tout aussi fiables en termes de qualit\u00e9, de fonctionnalit\u00e9 et de s\u00e9curit\u00e9. En effet, les Abris de piscine \u00e9conomiques COVERTTO n&rsquo;ont rien \u00e0 envier aux Abris standards, si ce n&rsquo;est leur prix, nettement plus accessible. Malgr\u00e9 un co\u00fbt moindre, le catalogue des structures propos\u00e9es est particuli\u00e8rement large et vari\u00e9, y compris pour les Abris de piscine, plus \u00e9conomiques. Les solutions disponibles vont des Abris de piscine t\u00e9lescopiques bas pour piscines, avec ou sans guides, aux Abris de piscine pour spas en plein air, des Abris de piscine pour piscines ext\u00e9rieures aux Abris de piscine fixes hauts. Tous sont conformes aux normes les plus strictes et aux derni\u00e8res r\u00e9glementations europ\u00e9ennes en mati\u00e8re de s\u00e9curit\u00e9. La garantie offerte directement par le fabricant permet d&rsquo;avoir l&rsquo;esprit tranquille et la certitude d&rsquo;acheter un produit qui est \u00e0 tous \u00e9gards \u00e0 la pointe de la technologie.<\/p>\n<\/div><\/div><\/div><\/div><\/div><div class=\"vc_col-sm-6 wpb_column vc_column_container\"><div class=\"vc_column-inner\"><div class=\"wpb_wrapper\"><div class=\"wpb_text_column\"><div class=\"wpb_wrapper\"><p>Id\u00e9aux pour garantir des performances maximales en termes d&rsquo;efficacit\u00e9 dans la protection contre l&rsquo;intrusion d&rsquo;objets ou d&rsquo;animaux dans la piscine, ainsi qu&rsquo;un pr\u00e9cieux bouclier de protection contre les agents atmosph\u00e9riques et climatiques, les Abris de piscine \u00e9conomiques garantissent \u00e9galement des dimensions d&rsquo;encombrement minimales gr\u00e2ce aux syst\u00e8mes pratiques adopt\u00e9s par COVERTTO pour l&rsquo;installation de la structure t\u00e9lescopique de l&rsquo;Abri de piscine, ainsi que pour son empilage une fois que vous d\u00e9cidez de le laisser temporairement en attendant sa prochaine utilisation. Avec le soutien de roues doubles pratiques &#8211; ou de guides sp\u00e9ciaux pour les types sp\u00e9cifiques d&rsquo;Abris de piscine bas &#8211; il sera possible, en quelques \u00e9tapes simples, d&rsquo;installer votre propre <strong>Abri de piscine \u00e9conomique<\/strong>, en garantissant rapidement un espace prot\u00e9g\u00e9 dans lequel vous pourrez profiter d&rsquo;agr\u00e9ables moments de d\u00e9tente dans la piscine, o\u00f9 vous pourrez nager en toute tranquillit\u00e9, m\u00eame au milieu d&rsquo;une temp\u00eate ou d&rsquo;une chute de neige sans penser au temps qu&rsquo;il fait dehors. Le m\u00eame principe d&rsquo;\u00e9conomie offert par <strong>les Abris de piscine COVERTTO<\/strong> ne se limite pas aux petites ou tr\u00e8s petites installations, mais s&rsquo;\u00e9tend \u00e9galement aux grandes piscines, m\u00eame \u00e0 usage public, comme les t\u00e9lescopiques pour piscines hautes et fixes. Beau, pratique, fonctionnel, polyvalent, lumineux, solide, r\u00e9sistant, innovant, technologique, avec un grand design, facile \u00e0 installer et \u00e0 d\u00e9monter, mais avec la plus grande \u00e9conomie possible !<\/p>\n<\/div><\/div><\/div><\/div><\/div><\/div><\/div><\/section><section class=\"l-section wpb_row us_custom_b03640aa height_medium\"><div class=\"l-section-h i-cf\"><div class=\"g-cols vc_row via_flex valign_top type_default stacking_default\"><div class=\"vc_col-sm-12 wpb_column vc_column_container\"><div class=\"vc_column-inner\"><div class=\"wpb_wrapper\"><div class=\"w-btn-wrapper align_center\"><a class=\"w-btn us-btn-style_2\" title=\"Contact\" href=\"\/fr\/contact\/\"><span class=\"w-btn-label\">Contact<\/span><\/a><\/div><div class=\"w-separator size_medium\"><\/div><\/div><\/div><\/div><\/div><\/div><\/section>\n","protected":false},"excerpt":{"rendered":"","protected":false},"author":2,"featured_media":1350,"parent":2072,"menu_order":0,"comment_status":"closed","ping_status":"closed","template":"","meta":{"footnotes":""},"class_list":["post-2101","page","type-page","status-publish","has-post-thumbnail","hentry"],"acf":[],"yoast_head":"<!-- This site is optimized with the Yoast SEO plugin v27.2 - https:\/\/yoast.com\/product\/yoast-seo-wordpress\/ -->\n<title>Economique - Covertto<\/title>\n<meta name=\"robots\" content=\"index, follow, max-snippet:-1, max-image-preview:large, max-video-preview:-1\" \/>\n<link rel=\"canonical\" href=\"https:\/\/testbeta.desarrolloproyectoswp.com\/fr\/guide-dabris-de-piscine\/economique\/\" \/>\n<meta property=\"og:locale\" content=\"fr_FR\" \/>\n<meta property=\"og:type\" content=\"article\" \/>\n<meta property=\"og:title\" content=\"Economique - Covertto\" \/>\n<meta property=\"og:url\" content=\"https:\/\/testbeta.desarrolloproyectoswp.com\/fr\/guide-dabris-de-piscine\/economique\/\" \/>\n<meta property=\"og:site_name\" content=\"Covertto\" \/>\n<meta property=\"article:modified_time\" content=\"2022-12-09T18:11:13+00:00\" \/>\n<meta property=\"og:image\" content=\"https:\/\/testbeta.desarrolloproyectoswp.com\/wp-content\/uploads\/2022\/11\/coperture-basse-per-piscine-asportabili-004-1024x682-1.jpg\" \/>\n\t<meta property=\"og:image:width\" content=\"1024\" \/>\n\t<meta property=\"og:image:height\" content=\"682\" \/>\n\t<meta property=\"og:image:type\" content=\"image\/jpeg\" \/>\n<meta name=\"twitter:card\" content=\"summary_large_image\" \/>\n<meta name=\"twitter:label1\" content=\"Dur\u00e9e de lecture estim\u00e9e\" \/>\n\t<meta name=\"twitter:data1\" content=\"3 minutes\" \/>\n<script type=\"application\/ld+json\" class=\"yoast-schema-graph\">{\"@context\":\"https:\/\/schema.org\",\"@graph\":[{\"@type\":\"WebPage\",\"@id\":\"https:\/\/testbeta.desarrolloproyectoswp.com\/fr\/guide-dabris-de-piscine\/economique\/\",\"url\":\"https:\/\/testbeta.desarrolloproyectoswp.com\/fr\/guide-dabris-de-piscine\/economique\/\",\"name\":\"Economique - Covertto\",\"isPartOf\":{\"@id\":\"https:\/\/testbeta.desarrolloproyectoswp.com\/fr\/#website\"},\"primaryImageOfPage\":{\"@id\":\"https:\/\/testbeta.desarrolloproyectoswp.com\/fr\/guide-dabris-de-piscine\/economique\/#primaryimage\"},\"image\":{\"@id\":\"https:\/\/testbeta.desarrolloproyectoswp.com\/fr\/guide-dabris-de-piscine\/economique\/#primaryimage\"},\"thumbnailUrl\":\"https:\/\/testbeta.desarrolloproyectoswp.com\/wp-content\/uploads\/2022\/11\/coperture-basse-per-piscine-asportabili-004-1024x682-1.jpg\",\"datePublished\":\"2022-11-01T23:17:54+00:00\",\"dateModified\":\"2022-12-09T18:11:13+00:00\",\"breadcrumb\":{\"@id\":\"https:\/\/testbeta.desarrolloproyectoswp.com\/fr\/guide-dabris-de-piscine\/economique\/#breadcrumb\"},\"inLanguage\":\"fr-FR\",\"potentialAction\":[{\"@type\":\"ReadAction\",\"target\":[\"https:\/\/testbeta.desarrolloproyectoswp.com\/fr\/guide-dabris-de-piscine\/economique\/\"]}]},{\"@type\":\"ImageObject\",\"inLanguage\":\"fr-FR\",\"@id\":\"https:\/\/testbeta.desarrolloproyectoswp.com\/fr\/guide-dabris-de-piscine\/economique\/#primaryimage\",\"url\":\"https:\/\/testbeta.desarrolloproyectoswp.com\/wp-content\/uploads\/2022\/11\/coperture-basse-per-piscine-asportabili-004-1024x682-1.jpg\",\"contentUrl\":\"https:\/\/testbeta.desarrolloproyectoswp.com\/wp-content\/uploads\/2022\/11\/coperture-basse-per-piscine-asportabili-004-1024x682-1.jpg\",\"width\":1024,\"height\":682},{\"@type\":\"BreadcrumbList\",\"@id\":\"https:\/\/testbeta.desarrolloproyectoswp.com\/fr\/guide-dabris-de-piscine\/economique\/#breadcrumb\",\"itemListElement\":[{\"@type\":\"ListItem\",\"position\":1,\"name\":\"Portada\",\"item\":\"https:\/\/testbeta.desarrolloproyectoswp.com\/fr\/\"},{\"@type\":\"ListItem\",\"position\":2,\"name\":\"Guide d\u2019Abris de piscine\",\"item\":\"https:\/\/testbeta.desarrolloproyectoswp.com\/fr\/guide-dabris-de-piscine\/\"},{\"@type\":\"ListItem\",\"position\":3,\"name\":\"Economique\"}]},{\"@type\":\"WebSite\",\"@id\":\"https:\/\/testbeta.desarrolloproyectoswp.com\/fr\/#website\",\"url\":\"https:\/\/testbeta.desarrolloproyectoswp.com\/fr\/\",\"name\":\"Covertto\",\"description\":\"Cubiertas para Piscinas en Aluminio\",\"potentialAction\":[{\"@type\":\"SearchAction\",\"target\":{\"@type\":\"EntryPoint\",\"urlTemplate\":\"https:\/\/testbeta.desarrolloproyectoswp.com\/fr\/?s={search_term_string}\"},\"query-input\":{\"@type\":\"PropertyValueSpecification\",\"valueRequired\":true,\"valueName\":\"search_term_string\"}}],\"inLanguage\":\"fr-FR\"}]}<\/script>\n<!-- \/ Yoast SEO plugin. -->","yoast_head_json":{"title":"Economique - Covertto","robots":{"index":"index","follow":"follow","max-snippet":"max-snippet:-1","max-image-preview":"max-image-preview:large","max-video-preview":"max-video-preview:-1"},"canonical":"https:\/\/testbeta.desarrolloproyectoswp.com\/fr\/guide-dabris-de-piscine\/economique\/","og_locale":"fr_FR","og_type":"article","og_title":"Economique - Covertto","og_url":"https:\/\/testbeta.desarrolloproyectoswp.com\/fr\/guide-dabris-de-piscine\/economique\/","og_site_name":"Covertto","article_modified_time":"2022-12-09T18:11:13+00:00","og_image":[{"width":1024,"height":682,"url":"https:\/\/testbeta.desarrolloproyectoswp.com\/wp-content\/uploads\/2022\/11\/coperture-basse-per-piscine-asportabili-004-1024x682-1.jpg","type":"image\/jpeg"}],"twitter_card":"summary_large_image","twitter_misc":{"Dur\u00e9e de lecture estim\u00e9e":"3 minutes"},"schema":{"@context":"https:\/\/schema.org","@graph":[{"@type":"WebPage","@id":"https:\/\/testbeta.desarrolloproyectoswp.com\/fr\/guide-dabris-de-piscine\/economique\/","url":"https:\/\/testbeta.desarrolloproyectoswp.com\/fr\/guide-dabris-de-piscine\/economique\/","name":"Economique - Covertto","isPartOf":{"@id":"https:\/\/testbeta.desarrolloproyectoswp.com\/fr\/#website"},"primaryImageOfPage":{"@id":"https:\/\/testbeta.desarrolloproyectoswp.com\/fr\/guide-dabris-de-piscine\/economique\/#primaryimage"},"image":{"@id":"https:\/\/testbeta.desarrolloproyectoswp.com\/fr\/guide-dabris-de-piscine\/economique\/#primaryimage"},"thumbnailUrl":"https:\/\/testbeta.desarrolloproyectoswp.com\/wp-content\/uploads\/2022\/11\/coperture-basse-per-piscine-asportabili-004-1024x682-1.jpg","datePublished":"2022-11-01T23:17:54+00:00","dateModified":"2022-12-09T18:11:13+00:00","breadcrumb":{"@id":"https:\/\/testbeta.desarrolloproyectoswp.com\/fr\/guide-dabris-de-piscine\/economique\/#breadcrumb"},"inLanguage":"fr-FR","potentialAction":[{"@type":"ReadAction","target":["https:\/\/testbeta.desarrolloproyectoswp.com\/fr\/guide-dabris-de-piscine\/economique\/"]}]},{"@type":"ImageObject","inLanguage":"fr-FR","@id":"https:\/\/testbeta.desarrolloproyectoswp.com\/fr\/guide-dabris-de-piscine\/economique\/#primaryimage","url":"https:\/\/testbeta.desarrolloproyectoswp.com\/wp-content\/uploads\/2022\/11\/coperture-basse-per-piscine-asportabili-004-1024x682-1.jpg","contentUrl":"https:\/\/testbeta.desarrolloproyectoswp.com\/wp-content\/uploads\/2022\/11\/coperture-basse-per-piscine-asportabili-004-1024x682-1.jpg","width":1024,"height":682},{"@type":"BreadcrumbList","@id":"https:\/\/testbeta.desarrolloproyectoswp.com\/fr\/guide-dabris-de-piscine\/economique\/#breadcrumb","itemListElement":[{"@type":"ListItem","position":1,"name":"Portada","item":"https:\/\/testbeta.desarrolloproyectoswp.com\/fr\/"},{"@type":"ListItem","position":2,"name":"Guide d\u2019Abris de piscine","item":"https:\/\/testbeta.desarrolloproyectoswp.com\/fr\/guide-dabris-de-piscine\/"},{"@type":"ListItem","position":3,"name":"Economique"}]},{"@type":"WebSite","@id":"https:\/\/testbeta.desarrolloproyectoswp.com\/fr\/#website","url":"https:\/\/testbeta.desarrolloproyectoswp.com\/fr\/","name":"Covertto","description":"Cubiertas para Piscinas en Aluminio","potentialAction":[{"@type":"SearchAction","target":{"@type":"EntryPoint","urlTemplate":"https:\/\/testbeta.desarrolloproyectoswp.com\/fr\/?s={search_term_string}"},"query-input":{"@type":"PropertyValueSpecification","valueRequired":true,"valueName":"search_term_string"}}],"inLanguage":"fr-FR"}]}},"_links":{"self":[{"href":"https:\/\/testbeta.desarrolloproyectoswp.com\/fr\/wp-json\/wp\/v2\/pages\/2101","targetHints":{"allow":["GET"]}}],"collection":[{"href":"https:\/\/testbeta.desarrolloproyectoswp.com\/fr\/wp-json\/wp\/v2\/pages"}],"about":[{"href":"https:\/\/testbeta.desarrolloproyectoswp.com\/fr\/wp-json\/wp\/v2\/types\/page"}],"author":[{"embeddable":true,"href":"https:\/\/testbeta.desarrolloproyectoswp.com\/fr\/wp-json\/wp\/v2\/users\/2"}],"replies":[{"embeddable":true,"href":"https:\/\/testbeta.desarrolloproyectoswp.com\/fr\/wp-json\/wp\/v2\/comments?post=2101"}],"version-history":[{"count":0,"href":"https:\/\/testbeta.desarrolloproyectoswp.com\/fr\/wp-json\/wp\/v2\/pages\/2101\/revisions"}],"up":[{"embeddable":true,"href":"https:\/\/testbeta.desarrolloproyectoswp.com\/fr\/wp-json\/wp\/v2\/pages\/2072"}],"wp:featuredmedia":[{"embeddable":true,"href":"https:\/\/testbeta.desarrolloproyectoswp.com\/fr\/wp-json\/wp\/v2\/media\/1350"}],"wp:attachment":[{"href":"https:\/\/testbeta.desarrolloproyectoswp.com\/fr\/wp-json\/wp\/v2\/media?parent=2101"}],"curies":[{"name":"wp","href":"https:\/\/api.w.org\/{rel}","templated":true}]}}