{"id":2109,"date":"2022-11-02T00:25:25","date_gmt":"2022-11-01T23:25:25","guid":{"rendered":"https:\/\/testbeta.desarrolloproyectoswp.com\/para-restaurantes\/"},"modified":"2022-12-09T19:14:27","modified_gmt":"2022-12-09T18:14:27","slug":"restaurant","status":"publish","type":"page","link":"https:\/\/testbeta.desarrolloproyectoswp.com\/fr\/guide-dabris-de-piscine\/restaurant\/","title":{"rendered":"Restaurant"},"content":{"rendered":"<section class=\"l-section wpb_row us_custom_1825b8b8 height_medium\" id=\"header_ofertas\"><div class=\"l-section-overlay\" style=\"background:rgba(0,0,0,0.30)\"><\/div><div class=\"l-section-h i-cf\"><div class=\"g-cols vc_row via_flex valign_middle type_default stacking_default\"><div class=\"vc_col-sm-12 wpb_column vc_column_container\"><div class=\"vc_column-inner\"><div class=\"wpb_wrapper\"><div class=\"wpb_text_column us_custom_8674eabf tit_guia_cubierta has_text_color us_animate_this\"><div class=\"wpb_wrapper\"><h2 style=\"text-align: center;\">Guide d\u2019Abris de piscine<\/h2>\n<\/div><\/div><\/div><\/div><\/div><\/div><\/div><\/section><section class=\"l-section wpb_row us_custom_b8d56632 height_huge width_full\"><div class=\"l-section-h i-cf\"><div class=\"g-cols vc_row via_flex valign_top type_default stacking_default\"><div class=\"vc_col-sm-12 wpb_column vc_column_container\"><div class=\"vc_column-inner\"><div class=\"wpb_wrapper\"><div class=\"wpb_text_column big_title\"><div class=\"wpb_wrapper\"><h1><span class=\"r-light\">ABRI ET FERMETURE<\/span><br \/>\nRESTAURANT<\/h1>\n<\/div><\/div><\/div><\/div><\/div><\/div><\/div><\/section><section class=\"l-section wpb_row height_auto width_full\"><div class=\"l-section-h i-cf\"><div class=\"g-cols vc_row via_flex valign_top type_default stacking_default\"><div class=\"vc_col-sm-12 wpb_column vc_column_container\"><div class=\"vc_column-inner\"><div class=\"wpb_wrapper\"><div class=\"w-grid type_carousel layout_525\" id=\"us_grid_1\"><style>.layout_525 .w-grid-item-h{}<\/style><div class=\"w-grid-list owl-carousel navstyle_circle navpos_inside autoheight\" style=\"--arrows-size:1.8rem;\">\t<article class=\"w-grid-item post-1358 attachment type-attachment status-inherit hentry\" data-id=\"1358\">\r\n\t\t<div class=\"w-grid-item-h\">\r\n\t\t\t\t\t\t<div class=\"w-post-elm post_image usg_post_image_1 has_ratio\"><div style=\"padding-bottom:56.25%\"><\/div><img decoding=\"async\" width=\"1024\" height=\"682\" src=\"https:\/\/testbeta.desarrolloproyectoswp.com\/wp-content\/uploads\/2022\/11\/coperture-per-bar-platino-alta-addossata-004-1024x682-1.jpg\" class=\"attachment-large size-large\" alt=\"\" srcset=\"https:\/\/testbeta.desarrolloproyectoswp.com\/wp-content\/uploads\/2022\/11\/coperture-per-bar-platino-alta-addossata-004-1024x682-1.jpg 1024w, https:\/\/testbeta.desarrolloproyectoswp.com\/wp-content\/uploads\/2022\/11\/coperture-per-bar-platino-alta-addossata-004-1024x682-1-300x200.jpg 300w\" sizes=\"(max-width: 1024px) 100vw, 1024px\" \/><\/div>\t\t<\/div>\r\n\t<\/article>\r\n\t<article class=\"w-grid-item post-1360 attachment type-attachment status-inherit hentry\" data-id=\"1360\">\r\n\t\t<div class=\"w-grid-item-h\">\r\n\t\t\t\t\t\t<div class=\"w-post-elm post_image usg_post_image_1 has_ratio\"><div style=\"padding-bottom:56.25%\"><\/div><img decoding=\"async\" width=\"1024\" height=\"682\" src=\"https:\/\/testbeta.desarrolloproyectoswp.com\/wp-content\/uploads\/2022\/11\/coperture-per-bar-platino-alta-addossata-001-1024x682-1.jpg\" class=\"attachment-large size-large\" alt=\"\" srcset=\"https:\/\/testbeta.desarrolloproyectoswp.com\/wp-content\/uploads\/2022\/11\/coperture-per-bar-platino-alta-addossata-001-1024x682-1.jpg 1024w, https:\/\/testbeta.desarrolloproyectoswp.com\/wp-content\/uploads\/2022\/11\/coperture-per-bar-platino-alta-addossata-001-1024x682-1-300x200.jpg 300w\" sizes=\"(max-width: 1024px) 100vw, 1024px\" \/><\/div>\t\t<\/div>\r\n\t<\/article>\r\n<\/div><div class=\"g-preloader type_1\">\r\n\t<div><\/div>\r\n<\/div>\r\n\t<div class=\"w-grid-json hidden\" onclick='return {&quot;action&quot;:&quot;us_ajax_grid&quot;,&quot;ajax_url&quot;:&quot;https:\\\/\\\/testbeta.desarrolloproyectoswp.com\\\/wp-admin\\\/admin-ajax.php&quot;,&quot;infinite_scroll&quot;:0,&quot;max_num_pages&quot;:1,&quot;pagination&quot;:&quot;none&quot;,&quot;permalink_url&quot;:&quot;https:\\\/\\\/testbeta.desarrolloproyectoswp.com\\\/fr\\\/wp-json\\\/wp\\\/v2\\\/pages\\\/2109\\\/&quot;,&quot;template_vars&quot;:{&quot;columns&quot;:&quot;1&quot;,&quot;exclude_items&quot;:&quot;none&quot;,&quot;img_size&quot;:&quot;default&quot;,&quot;ignore_items_size&quot;:0,&quot;items_layout&quot;:&quot;525&quot;,&quot;items_offset&quot;:&quot;1&quot;,&quot;load_animation&quot;:&quot;none&quot;,&quot;overriding_link&quot;:&quot;none&quot;,&quot;post_id&quot;:2109,&quot;query_args&quot;:{&quot;post_type&quot;:[&quot;attachment&quot;],&quot;post__in&quot;:[&quot;600&quot;,&quot;601&quot;],&quot;post_status&quot;:&quot;inherit&quot;,&quot;post_mime_type&quot;:&quot;image&quot;,&quot;posts_per_page&quot;:&quot;10&quot;},&quot;orderby_query_args&quot;:{&quot;orderby&quot;:{&quot;post__in&quot;:&quot;ASC&quot;},&quot;order&quot;:&quot;ASC&quot;},&quot;type&quot;:&quot;carousel&quot;,&quot;us_grid_ajax_index&quot;:1,&quot;us_grid_filter_params&quot;:null,&quot;us_grid_index&quot;:1,&quot;_us_grid_post_type&quot;:&quot;attachment&quot;,&quot;lang&quot;:&quot;fr&quot;},&quot;carousel_settings&quot;:{&quot;autoHeight&quot;:1,&quot;autoplay&quot;:0,&quot;carousel_fade&quot;:0,&quot;center&quot;:0,&quot;dots&quot;:0,&quot;items&quot;:&quot;1&quot;,&quot;loop&quot;:false,&quot;nav&quot;:1,&quot;slideby&quot;:&quot;1&quot;,&quot;smooth_play&quot;:0,&quot;speed&quot;:250,&quot;timeout&quot;:3000,&quot;transition&quot;:&quot;&quot;},&quot;carousel_breakpoints&quot;:{&quot;0&quot;:{&quot;autoHeight&quot;:1,&quot;autoplay&quot;:0,&quot;autoplayHoverPause&quot;:0,&quot;items&quot;:1,&quot;loop&quot;:false,&quot;stagePadding&quot;:0},&quot;600&quot;:{&quot;autoHeight&quot;:1,&quot;autoplay&quot;:0,&quot;autoplayHoverPause&quot;:0,&quot;items&quot;:&quot;1&quot;,&quot;loop&quot;:false,&quot;stagePadding&quot;:0},&quot;900&quot;:{&quot;autoHeight&quot;:1,&quot;autoplay&quot;:0,&quot;autoplayHoverPause&quot;:0,&quot;items&quot;:&quot;1&quot;,&quot;loop&quot;:false,&quot;stagePadding&quot;:0},&quot;1200&quot;:{&quot;items&quot;:1,&quot;stagePadding&quot;:0}}}'><\/div>\r\n\t<\/div><\/div><\/div><\/div><\/div><\/div><\/section><section class=\"l-section wpb_row height_medium\"><div class=\"l-section-h i-cf\"><div class=\"g-cols vc_row via_flex valign_top type_default stacking_default\"><div class=\"vc_col-sm-6 wpb_column vc_column_container\"><div class=\"vc_column-inner\"><div class=\"wpb_wrapper\"><div class=\"wpb_text_column\"><div class=\"wpb_wrapper\"><p>Le restaurant est l&rsquo;une de ces professions o\u00f9 il est essentiel de g\u00e9rer avec soin les espaces int\u00e9rieurs, car c&rsquo;est l\u00e0 que se d\u00e9roule le travail des personnes qui se d\u00e9placent et marchent entre les tables, car c&rsquo;est l\u00e0 que les clients veulent du calme, de la d\u00e9tente, afin de mieux appr\u00e9cier ce qu&rsquo;ils mangent.<\/p>\n<p>Mais il est tout aussi important d&rsquo;examiner attentivement les espaces ext\u00e9rieurs.<br \/>\nQu&rsquo;il s&rsquo;agisse d&rsquo;un restaurant en bord de mer, en ville, \u00e0 la campagne, il doit une part importante de sa valeur aux vues dont il b\u00e9n\u00e9ficie. Les espaces qui sont situ\u00e9s dans des zones particuli\u00e8res ou sur des routes ou dans des cours int\u00e9rieures. Des espaces qui, s&rsquo;ils sont correctement exploit\u00e9s et prot\u00e9g\u00e9s par un syst\u00e8me d&rsquo;Abris sp\u00e9cifique pour les restaurants, deviennent essentiels pour le d\u00e9veloppement de l&rsquo;activit\u00e9 commerciale li\u00e9e \u00e0 l&rsquo;h\u00f4tellerie et \u00e0 la restauration.<\/p>\n<p>Un espace utilisable plus grand, reli\u00e9 au restaurant, est en fait une ressource importante qui permet des d\u00e9veloppements nouveaux et int\u00e9ressants.<\/p>\n<p>Soit parce qu&rsquo;avec l&rsquo;Abris pour les restaurants, il sera possible de prot\u00e9ger ces zones qui, \u00e0 certaines occasions, lorsque le local est particuli\u00e8rement plein, permettent de les utiliser pour cr\u00e9er de nouvelles zones d&rsquo;attente, en ajoutant \u00e9ventuellement de nouvelles tables et de nouveaux si\u00e8ges sans d\u00e9naturer la qualit\u00e9 du local..<\/p>\n<p>En effet, gr\u00e2ce aux Abris de restaurant, il sera possible d&rsquo;utiliser l&rsquo;entreprise de restauration 365 jours par an, aussi bien en \u00e9t\u00e9 qu&rsquo;en hiver.<\/p>\n<\/div><\/div><\/div><\/div><\/div><div class=\"vc_col-sm-6 wpb_column vc_column_container\"><div class=\"vc_column-inner\"><div class=\"wpb_wrapper\"><div class=\"wpb_text_column\"><div class=\"wpb_wrapper\"><p>En effet, les Abris pour restaurants prot\u00e8gent en toute s\u00e9curit\u00e9 des rayons du soleil et sont imperm\u00e9ables \u00e0 la pluie, \u00e0 la neige et au vent. Ils sont faciles \u00e0 installer et sont modulables pour r\u00e9pondre aux besoins d&rsquo;espace sp\u00e9cifiques de chaque restaurant. En fait, ils peuvent \u00eatre faits sur mesure pour mieux interpr\u00e9ter les besoins de chaque restaurant.<\/p>\n<p>Les Abris pour restaurants ne n\u00e9cessitent pas de travaux de montage sp\u00e9cifiques car le syst\u00e8me t\u00e9lescopique est particuli\u00e8rement l\u00e9ger et pr\u00e9sente une structure extr\u00eamement simplifi\u00e9e. Le syst\u00e8me t\u00e9lescopique permet de l&rsquo;enfermer \u00e0 l&rsquo;int\u00e9rieur d&rsquo;un bo\u00eetier sp\u00e9cial et, en cas de besoin, de l&rsquo;ouvrir d&rsquo;un seul geste, qui peut \u00eatre effectu\u00e9 par une seule personne.<\/p>\n<p>Tr\u00e8s simples, les Abris pour restaurants sont la solution la plus pratique et fonctionnelle car ils r\u00e9solvent d&rsquo;un seul geste une grande partie des probl\u00e8mes que les espaces ext\u00e9rieurs posent aux restaurants.<\/p>\n<p>Les Abris pour restaurants sont beaux et fonctionnels : ils \u00e9largissent les possibilit\u00e9s de travail du restaurant en cr\u00e9ant de nouveaux espaces de travail, avec de nouveaux revenus et de nouvelles possibilit\u00e9s commerciales.<\/p>\n<\/div><\/div><\/div><\/div><\/div><\/div><\/div><\/section><section class=\"l-section wpb_row us_custom_b03640aa height_medium\"><div class=\"l-section-h i-cf\"><div class=\"g-cols vc_row via_flex valign_top type_default stacking_default\"><div class=\"vc_col-sm-12 wpb_column vc_column_container\"><div class=\"vc_column-inner\"><div class=\"wpb_wrapper\"><div class=\"w-btn-wrapper align_center\"><a class=\"w-btn us-btn-style_2\" title=\"Contact\" href=\"\/fr\/contact\/\"><span class=\"w-btn-label\">Contact<\/span><\/a><\/div><div class=\"w-separator size_medium\"><\/div><\/div><\/div><\/div><\/div><\/div><\/section>\n","protected":false},"excerpt":{"rendered":"","protected":false},"author":2,"featured_media":1358,"parent":2072,"menu_order":0,"comment_status":"closed","ping_status":"closed","template":"","meta":{"footnotes":""},"class_list":["post-2109","page","type-page","status-publish","has-post-thumbnail","hentry"],"acf":[],"yoast_head":"<!-- This site is optimized with the Yoast SEO plugin v27.2 - https:\/\/yoast.com\/product\/yoast-seo-wordpress\/ -->\n<title>Restaurant - Covertto<\/title>\n<meta name=\"robots\" content=\"index, follow, max-snippet:-1, max-image-preview:large, max-video-preview:-1\" \/>\n<link rel=\"canonical\" href=\"https:\/\/testbeta.desarrolloproyectoswp.com\/fr\/guide-dabris-de-piscine\/restaurant\/\" \/>\n<meta property=\"og:locale\" content=\"fr_FR\" \/>\n<meta property=\"og:type\" content=\"article\" \/>\n<meta property=\"og:title\" content=\"Restaurant - Covertto\" \/>\n<meta property=\"og:url\" content=\"https:\/\/testbeta.desarrolloproyectoswp.com\/fr\/guide-dabris-de-piscine\/restaurant\/\" \/>\n<meta property=\"og:site_name\" content=\"Covertto\" \/>\n<meta property=\"article:modified_time\" content=\"2022-12-09T18:14:27+00:00\" \/>\n<meta property=\"og:image\" content=\"https:\/\/testbeta.desarrolloproyectoswp.com\/wp-content\/uploads\/2022\/11\/coperture-per-bar-platino-alta-addossata-004-1024x682-1.jpg\" \/>\n\t<meta property=\"og:image:width\" content=\"1024\" \/>\n\t<meta property=\"og:image:height\" content=\"682\" \/>\n\t<meta property=\"og:image:type\" content=\"image\/jpeg\" \/>\n<meta name=\"twitter:card\" content=\"summary_large_image\" \/>\n<meta name=\"twitter:label1\" content=\"Dur\u00e9e de lecture estim\u00e9e\" \/>\n\t<meta name=\"twitter:data1\" content=\"3 minutes\" \/>\n<script type=\"application\/ld+json\" class=\"yoast-schema-graph\">{\"@context\":\"https:\/\/schema.org\",\"@graph\":[{\"@type\":\"WebPage\",\"@id\":\"https:\/\/testbeta.desarrolloproyectoswp.com\/fr\/guide-dabris-de-piscine\/restaurant\/\",\"url\":\"https:\/\/testbeta.desarrolloproyectoswp.com\/fr\/guide-dabris-de-piscine\/restaurant\/\",\"name\":\"Restaurant - Covertto\",\"isPartOf\":{\"@id\":\"https:\/\/testbeta.desarrolloproyectoswp.com\/fr\/#website\"},\"primaryImageOfPage\":{\"@id\":\"https:\/\/testbeta.desarrolloproyectoswp.com\/fr\/guide-dabris-de-piscine\/restaurant\/#primaryimage\"},\"image\":{\"@id\":\"https:\/\/testbeta.desarrolloproyectoswp.com\/fr\/guide-dabris-de-piscine\/restaurant\/#primaryimage\"},\"thumbnailUrl\":\"https:\/\/testbeta.desarrolloproyectoswp.com\/wp-content\/uploads\/2022\/11\/coperture-per-bar-platino-alta-addossata-004-1024x682-1.jpg\",\"datePublished\":\"2022-11-01T23:25:25+00:00\",\"dateModified\":\"2022-12-09T18:14:27+00:00\",\"breadcrumb\":{\"@id\":\"https:\/\/testbeta.desarrolloproyectoswp.com\/fr\/guide-dabris-de-piscine\/restaurant\/#breadcrumb\"},\"inLanguage\":\"fr-FR\",\"potentialAction\":[{\"@type\":\"ReadAction\",\"target\":[\"https:\/\/testbeta.desarrolloproyectoswp.com\/fr\/guide-dabris-de-piscine\/restaurant\/\"]}]},{\"@type\":\"ImageObject\",\"inLanguage\":\"fr-FR\",\"@id\":\"https:\/\/testbeta.desarrolloproyectoswp.com\/fr\/guide-dabris-de-piscine\/restaurant\/#primaryimage\",\"url\":\"https:\/\/testbeta.desarrolloproyectoswp.com\/wp-content\/uploads\/2022\/11\/coperture-per-bar-platino-alta-addossata-004-1024x682-1.jpg\",\"contentUrl\":\"https:\/\/testbeta.desarrolloproyectoswp.com\/wp-content\/uploads\/2022\/11\/coperture-per-bar-platino-alta-addossata-004-1024x682-1.jpg\",\"width\":1024,\"height\":682},{\"@type\":\"BreadcrumbList\",\"@id\":\"https:\/\/testbeta.desarrolloproyectoswp.com\/fr\/guide-dabris-de-piscine\/restaurant\/#breadcrumb\",\"itemListElement\":[{\"@type\":\"ListItem\",\"position\":1,\"name\":\"Portada\",\"item\":\"https:\/\/testbeta.desarrolloproyectoswp.com\/fr\/\"},{\"@type\":\"ListItem\",\"position\":2,\"name\":\"Guide d\u2019Abris de piscine\",\"item\":\"https:\/\/testbeta.desarrolloproyectoswp.com\/fr\/guide-dabris-de-piscine\/\"},{\"@type\":\"ListItem\",\"position\":3,\"name\":\"Restaurant\"}]},{\"@type\":\"WebSite\",\"@id\":\"https:\/\/testbeta.desarrolloproyectoswp.com\/fr\/#website\",\"url\":\"https:\/\/testbeta.desarrolloproyectoswp.com\/fr\/\",\"name\":\"Covertto\",\"description\":\"Cubiertas para Piscinas en Aluminio\",\"potentialAction\":[{\"@type\":\"SearchAction\",\"target\":{\"@type\":\"EntryPoint\",\"urlTemplate\":\"https:\/\/testbeta.desarrolloproyectoswp.com\/fr\/?s={search_term_string}\"},\"query-input\":{\"@type\":\"PropertyValueSpecification\",\"valueRequired\":true,\"valueName\":\"search_term_string\"}}],\"inLanguage\":\"fr-FR\"}]}<\/script>\n<!-- \/ Yoast SEO plugin. -->","yoast_head_json":{"title":"Restaurant - Covertto","robots":{"index":"index","follow":"follow","max-snippet":"max-snippet:-1","max-image-preview":"max-image-preview:large","max-video-preview":"max-video-preview:-1"},"canonical":"https:\/\/testbeta.desarrolloproyectoswp.com\/fr\/guide-dabris-de-piscine\/restaurant\/","og_locale":"fr_FR","og_type":"article","og_title":"Restaurant - Covertto","og_url":"https:\/\/testbeta.desarrolloproyectoswp.com\/fr\/guide-dabris-de-piscine\/restaurant\/","og_site_name":"Covertto","article_modified_time":"2022-12-09T18:14:27+00:00","og_image":[{"width":1024,"height":682,"url":"https:\/\/testbeta.desarrolloproyectoswp.com\/wp-content\/uploads\/2022\/11\/coperture-per-bar-platino-alta-addossata-004-1024x682-1.jpg","type":"image\/jpeg"}],"twitter_card":"summary_large_image","twitter_misc":{"Dur\u00e9e de lecture estim\u00e9e":"3 minutes"},"schema":{"@context":"https:\/\/schema.org","@graph":[{"@type":"WebPage","@id":"https:\/\/testbeta.desarrolloproyectoswp.com\/fr\/guide-dabris-de-piscine\/restaurant\/","url":"https:\/\/testbeta.desarrolloproyectoswp.com\/fr\/guide-dabris-de-piscine\/restaurant\/","name":"Restaurant - Covertto","isPartOf":{"@id":"https:\/\/testbeta.desarrolloproyectoswp.com\/fr\/#website"},"primaryImageOfPage":{"@id":"https:\/\/testbeta.desarrolloproyectoswp.com\/fr\/guide-dabris-de-piscine\/restaurant\/#primaryimage"},"image":{"@id":"https:\/\/testbeta.desarrolloproyectoswp.com\/fr\/guide-dabris-de-piscine\/restaurant\/#primaryimage"},"thumbnailUrl":"https:\/\/testbeta.desarrolloproyectoswp.com\/wp-content\/uploads\/2022\/11\/coperture-per-bar-platino-alta-addossata-004-1024x682-1.jpg","datePublished":"2022-11-01T23:25:25+00:00","dateModified":"2022-12-09T18:14:27+00:00","breadcrumb":{"@id":"https:\/\/testbeta.desarrolloproyectoswp.com\/fr\/guide-dabris-de-piscine\/restaurant\/#breadcrumb"},"inLanguage":"fr-FR","potentialAction":[{"@type":"ReadAction","target":["https:\/\/testbeta.desarrolloproyectoswp.com\/fr\/guide-dabris-de-piscine\/restaurant\/"]}]},{"@type":"ImageObject","inLanguage":"fr-FR","@id":"https:\/\/testbeta.desarrolloproyectoswp.com\/fr\/guide-dabris-de-piscine\/restaurant\/#primaryimage","url":"https:\/\/testbeta.desarrolloproyectoswp.com\/wp-content\/uploads\/2022\/11\/coperture-per-bar-platino-alta-addossata-004-1024x682-1.jpg","contentUrl":"https:\/\/testbeta.desarrolloproyectoswp.com\/wp-content\/uploads\/2022\/11\/coperture-per-bar-platino-alta-addossata-004-1024x682-1.jpg","width":1024,"height":682},{"@type":"BreadcrumbList","@id":"https:\/\/testbeta.desarrolloproyectoswp.com\/fr\/guide-dabris-de-piscine\/restaurant\/#breadcrumb","itemListElement":[{"@type":"ListItem","position":1,"name":"Portada","item":"https:\/\/testbeta.desarrolloproyectoswp.com\/fr\/"},{"@type":"ListItem","position":2,"name":"Guide d\u2019Abris de piscine","item":"https:\/\/testbeta.desarrolloproyectoswp.com\/fr\/guide-dabris-de-piscine\/"},{"@type":"ListItem","position":3,"name":"Restaurant"}]},{"@type":"WebSite","@id":"https:\/\/testbeta.desarrolloproyectoswp.com\/fr\/#website","url":"https:\/\/testbeta.desarrolloproyectoswp.com\/fr\/","name":"Covertto","description":"Cubiertas para Piscinas en Aluminio","potentialAction":[{"@type":"SearchAction","target":{"@type":"EntryPoint","urlTemplate":"https:\/\/testbeta.desarrolloproyectoswp.com\/fr\/?s={search_term_string}"},"query-input":{"@type":"PropertyValueSpecification","valueRequired":true,"valueName":"search_term_string"}}],"inLanguage":"fr-FR"}]}},"_links":{"self":[{"href":"https:\/\/testbeta.desarrolloproyectoswp.com\/fr\/wp-json\/wp\/v2\/pages\/2109","targetHints":{"allow":["GET"]}}],"collection":[{"href":"https:\/\/testbeta.desarrolloproyectoswp.com\/fr\/wp-json\/wp\/v2\/pages"}],"about":[{"href":"https:\/\/testbeta.desarrolloproyectoswp.com\/fr\/wp-json\/wp\/v2\/types\/page"}],"author":[{"embeddable":true,"href":"https:\/\/testbeta.desarrolloproyectoswp.com\/fr\/wp-json\/wp\/v2\/users\/2"}],"replies":[{"embeddable":true,"href":"https:\/\/testbeta.desarrolloproyectoswp.com\/fr\/wp-json\/wp\/v2\/comments?post=2109"}],"version-history":[{"count":0,"href":"https:\/\/testbeta.desarrolloproyectoswp.com\/fr\/wp-json\/wp\/v2\/pages\/2109\/revisions"}],"up":[{"embeddable":true,"href":"https:\/\/testbeta.desarrolloproyectoswp.com\/fr\/wp-json\/wp\/v2\/pages\/2072"}],"wp:featuredmedia":[{"embeddable":true,"href":"https:\/\/testbeta.desarrolloproyectoswp.com\/fr\/wp-json\/wp\/v2\/media\/1358"}],"wp:attachment":[{"href":"https:\/\/testbeta.desarrolloproyectoswp.com\/fr\/wp-json\/wp\/v2\/media?parent=2109"}],"curies":[{"name":"wp","href":"https:\/\/api.w.org\/{rel}","templated":true}]}}