{"id":2116,"date":"2022-11-02T00:00:34","date_gmt":"2022-11-01T23:00:34","guid":{"rendered":"https:\/\/testbeta.desarrolloproyectoswp.com\/guide-dabris-de-piscine\/telescopicas-para-piscina\/"},"modified":"2022-12-09T19:16:37","modified_gmt":"2022-12-09T18:16:37","slug":"abri-de-piscine-telescopique","status":"publish","type":"page","link":"https:\/\/testbeta.desarrolloproyectoswp.com\/fr\/guide-dabris-de-piscine\/abri-de-piscine-telescopique\/","title":{"rendered":"Abri de piscine t\u00e9lescopique"},"content":{"rendered":"<section class=\"l-section wpb_row us_custom_1825b8b8 height_medium\" id=\"header_ofertas\"><div class=\"l-section-overlay\" style=\"background:rgba(0,0,0,0.30)\"><\/div><div class=\"l-section-h i-cf\"><div class=\"g-cols vc_row via_flex valign_middle type_default stacking_default\"><div class=\"vc_col-sm-12 wpb_column vc_column_container\"><div class=\"vc_column-inner\"><div class=\"wpb_wrapper\"><div class=\"wpb_text_column us_custom_8674eabf tit_guia_cubierta has_text_color us_animate_this\"><div class=\"wpb_wrapper\"><h2 style=\"text-align: center;\">Guide d\u2019Abris de piscine<\/h2>\n<\/div><\/div><\/div><\/div><\/div><\/div><\/div><\/section><section class=\"l-section wpb_row us_custom_b8d56632 height_huge width_full\"><div class=\"l-section-h i-cf\"><div class=\"g-cols vc_row via_flex valign_top type_default stacking_default\"><div class=\"vc_col-sm-12 wpb_column vc_column_container\"><div class=\"vc_column-inner\"><div class=\"wpb_wrapper\"><div class=\"wpb_text_column big_title\"><div class=\"wpb_wrapper\"><h1><span class=\"r-light\">ABRI DE PISCINE<\/span><br \/>\nTELESCOPIQUE<\/h1>\n<\/div><\/div><\/div><\/div><\/div><\/div><\/div><\/section><section class=\"l-section wpb_row height_auto width_full\"><div class=\"l-section-h i-cf\"><div class=\"g-cols vc_row via_flex valign_top type_default stacking_default\"><div class=\"vc_col-sm-12 wpb_column vc_column_container\"><div class=\"vc_column-inner\"><div class=\"wpb_wrapper\"><div class=\"w-grid type_carousel layout_525\" id=\"us_grid_1\"><style>.layout_525 .w-grid-item-h{}<\/style><div class=\"w-grid-list owl-carousel navstyle_circle navpos_inside autoheight\" style=\"--arrows-size:1.8rem;\">\t<article class=\"w-grid-item post-1336 attachment type-attachment status-inherit hentry\" data-id=\"1336\">\r\n\t\t<div class=\"w-grid-item-h\">\r\n\t\t\t\t\t\t<div class=\"w-post-elm post_image usg_post_image_1 has_ratio\"><div style=\"padding-bottom:56.25%\"><\/div><img decoding=\"async\" width=\"1024\" height=\"682\" src=\"https:\/\/testbeta.desarrolloproyectoswp.com\/wp-content\/uploads\/2022\/11\/coperture-telescopiche-alte-per-piscine-private-platino-telescopica-003-1024x682-1.jpg\" class=\"attachment-large size-large\" alt=\"\" srcset=\"https:\/\/testbeta.desarrolloproyectoswp.com\/wp-content\/uploads\/2022\/11\/coperture-telescopiche-alte-per-piscine-private-platino-telescopica-003-1024x682-1.jpg 1024w, https:\/\/testbeta.desarrolloproyectoswp.com\/wp-content\/uploads\/2022\/11\/coperture-telescopiche-alte-per-piscine-private-platino-telescopica-003-1024x682-1-300x200.jpg 300w\" sizes=\"(max-width: 1024px) 100vw, 1024px\" \/><\/div>\t\t<\/div>\r\n\t<\/article>\r\n\t<article class=\"w-grid-item post-1338 attachment type-attachment status-inherit hentry\" data-id=\"1338\">\r\n\t\t<div class=\"w-grid-item-h\">\r\n\t\t\t\t\t\t<div class=\"w-post-elm post_image usg_post_image_1 has_ratio\"><div style=\"padding-bottom:56.25%\"><\/div><img decoding=\"async\" width=\"1024\" height=\"682\" src=\"https:\/\/testbeta.desarrolloproyectoswp.com\/wp-content\/uploads\/2022\/11\/coperture-telescopiche-alte-per-piscine-private-platino-telescopica-005-1024x682-1.jpg\" class=\"attachment-large size-large\" alt=\"\" srcset=\"https:\/\/testbeta.desarrolloproyectoswp.com\/wp-content\/uploads\/2022\/11\/coperture-telescopiche-alte-per-piscine-private-platino-telescopica-005-1024x682-1.jpg 1024w, https:\/\/testbeta.desarrolloproyectoswp.com\/wp-content\/uploads\/2022\/11\/coperture-telescopiche-alte-per-piscine-private-platino-telescopica-005-1024x682-1-300x200.jpg 300w\" sizes=\"(max-width: 1024px) 100vw, 1024px\" \/><\/div>\t\t<\/div>\r\n\t<\/article>\r\n<\/div><div class=\"g-preloader type_1\">\r\n\t<div><\/div>\r\n<\/div>\r\n\t<div class=\"w-grid-json hidden\" onclick='return {&quot;action&quot;:&quot;us_ajax_grid&quot;,&quot;ajax_url&quot;:&quot;https:\\\/\\\/testbeta.desarrolloproyectoswp.com\\\/wp-admin\\\/admin-ajax.php&quot;,&quot;infinite_scroll&quot;:0,&quot;max_num_pages&quot;:1,&quot;pagination&quot;:&quot;none&quot;,&quot;permalink_url&quot;:&quot;https:\\\/\\\/testbeta.desarrolloproyectoswp.com\\\/fr\\\/wp-json\\\/wp\\\/v2\\\/pages\\\/2116\\\/&quot;,&quot;template_vars&quot;:{&quot;columns&quot;:&quot;1&quot;,&quot;exclude_items&quot;:&quot;none&quot;,&quot;img_size&quot;:&quot;default&quot;,&quot;ignore_items_size&quot;:0,&quot;items_layout&quot;:&quot;525&quot;,&quot;items_offset&quot;:&quot;1&quot;,&quot;load_animation&quot;:&quot;none&quot;,&quot;overriding_link&quot;:&quot;none&quot;,&quot;post_id&quot;:2116,&quot;query_args&quot;:{&quot;post_type&quot;:[&quot;attachment&quot;],&quot;post__in&quot;:[&quot;571&quot;,&quot;572&quot;],&quot;post_status&quot;:&quot;inherit&quot;,&quot;post_mime_type&quot;:&quot;image&quot;,&quot;posts_per_page&quot;:&quot;10&quot;},&quot;orderby_query_args&quot;:{&quot;orderby&quot;:{&quot;post__in&quot;:&quot;ASC&quot;},&quot;order&quot;:&quot;ASC&quot;},&quot;type&quot;:&quot;carousel&quot;,&quot;us_grid_ajax_index&quot;:1,&quot;us_grid_filter_params&quot;:null,&quot;us_grid_index&quot;:1,&quot;_us_grid_post_type&quot;:&quot;attachment&quot;,&quot;lang&quot;:&quot;fr&quot;},&quot;carousel_settings&quot;:{&quot;autoHeight&quot;:1,&quot;autoplay&quot;:0,&quot;carousel_fade&quot;:0,&quot;center&quot;:0,&quot;dots&quot;:0,&quot;items&quot;:&quot;1&quot;,&quot;loop&quot;:false,&quot;nav&quot;:1,&quot;slideby&quot;:&quot;1&quot;,&quot;smooth_play&quot;:0,&quot;speed&quot;:250,&quot;timeout&quot;:3000,&quot;transition&quot;:&quot;&quot;},&quot;carousel_breakpoints&quot;:{&quot;0&quot;:{&quot;autoHeight&quot;:1,&quot;autoplay&quot;:0,&quot;autoplayHoverPause&quot;:0,&quot;items&quot;:1,&quot;loop&quot;:false,&quot;stagePadding&quot;:0},&quot;600&quot;:{&quot;autoHeight&quot;:1,&quot;autoplay&quot;:0,&quot;autoplayHoverPause&quot;:0,&quot;items&quot;:&quot;1&quot;,&quot;loop&quot;:false,&quot;stagePadding&quot;:0},&quot;900&quot;:{&quot;autoHeight&quot;:1,&quot;autoplay&quot;:0,&quot;autoplayHoverPause&quot;:0,&quot;items&quot;:&quot;1&quot;,&quot;loop&quot;:false,&quot;stagePadding&quot;:0},&quot;1200&quot;:{&quot;items&quot;:1,&quot;stagePadding&quot;:0}}}'><\/div>\r\n\t<\/div><\/div><\/div><\/div><\/div><\/div><\/section><section class=\"l-section wpb_row height_medium\"><div class=\"l-section-h i-cf\"><div class=\"g-cols vc_row via_flex valign_top type_default stacking_default\"><div class=\"vc_col-sm-6 wpb_column vc_column_container\"><div class=\"vc_column-inner\"><div class=\"wpb_wrapper\"><div class=\"wpb_text_column\"><div class=\"wpb_wrapper\"><p>L&rsquo;utilisation des piscines priv\u00e9es tout au long de l&rsquo;ann\u00e9e ne cesse de cro\u00eetre ; m\u00eame si elle est encore loin des normes europ\u00e9ennes, notamment anglaises et allemandes, le besoin de tirer un meilleur parti des piscines domestiques est \u00e9galement de plus en plus r\u00e9pandu en Espagne. L&rsquo;application d&rsquo;un syst\u00e8me simple et ing\u00e9nieux d&rsquo;Abris pour piscines t\u00e9lescopiques y a certainement contribu\u00e9, en rendant la gestion de l&rsquo;installation beaucoup plus facile, \u00e9conomique et pratique. La piscine, qui \u00e9tait jusqu&rsquo;\u00e0 r\u00e9cemment l&rsquo;apanage de maisons ou de villas exclusives de tr\u00e8s haut standing, souvent destin\u00e9es \u00e0 l&rsquo;accueil d&rsquo;un public de haut niveau en provenance de pays \u00e9trangers (anglo-saxons ou nordiques), s&rsquo;est progressivement \u00e9tendue aux maisons r\u00e9sidentielles de niveau moyen \u00e0 \u00e9lev\u00e9. Maisons ou villas avec jardin, tant en zone urbaine que rurale, qui ont vu leur valeur marchande augmenter consid\u00e9rablement gr\u00e2ce \u00e0 l&rsquo;investissement de la piscine. Les Abris de piscine t\u00e9lescopiques ont r\u00e9solu de nombreux probl\u00e8mes li\u00e9s \u00e0 l&rsquo;utilisation quotidienne de la piscine, notamment ceux li\u00e9s au nettoyage et \u00e0 l&rsquo;entretien, qui sont finalement les plus co\u00fbteux et les plus fastidieux.<\/p>\n<\/div><\/div><\/div><\/div><\/div><div class=\"vc_col-sm-6 wpb_column vc_column_container\"><div class=\"vc_column-inner\"><div class=\"wpb_wrapper\"><div class=\"wpb_text_column\"><div class=\"wpb_wrapper\"><p>En outre, avec les Abris de piscine t\u00e9lescopiques pour piscines, un autre aspect d\u00e9cisif a \u00e9t\u00e9 am\u00e9lior\u00e9, celui de l&rsquo;\u00e9conomie d&rsquo;\u00e9nergie. Le cercle vertueux cr\u00e9\u00e9 par les Abris de piscine t\u00e9lescopiques permet d&rsquo;utiliser au mieux ce qui est aujourd&rsquo;hui la meilleure et la plus propre des sources d&rsquo;\u00e9nergie : le soleil. Gr\u00e2ce \u00e0 la puissance propre de ses rayons, il r\u00e9chauffe l&rsquo;eau pendant la journ\u00e9e et, gr\u00e2ce aux syst\u00e8mes de couverture t\u00e9lescopique de la piscine, il ne se disperse pas pendant la nuit, lorsque la temp\u00e9rature minimale baisse consid\u00e9rablement. La temp\u00e9rature de l&rsquo;eau reste agr\u00e9able plus longtemps, m\u00eame en basse saison. L&rsquo;avantage d&rsquo;avoir une maison avec une piscine, \u00e9quip\u00e9e d&rsquo;une couverture de piscine t\u00e9lescopique, permet une plus longue p\u00e9riode d&rsquo;utilisation ; non seulement pendant la p\u00e9riode estivale classique, mais aussi au printemps et de septembre \u00e0 octobre. Nous sommes heureux de rester \u00e0 la maison plus souvent aussi parce que la piscine nous offre les avantages de la relaxation, du confort et du bien-\u00eatre pendant une plus longue p\u00e9riode. Au lieu du stress d&rsquo;un week-end \u00e0 l&rsquo;ext\u00e9rieur de la ville, la piscine est toujours pr\u00eate \u00e0 vous accueillir. D&rsquo;un simple geste, sans effort, elle est imm\u00e9diatement pr\u00eate \u00e0 \u00eatre utilis\u00e9e. Gr\u00e2ce au m\u00e9canisme du \u00ab\u00a0soufflet\u00a0\u00bb, les Abris de piscine t\u00e9lescopiques disparaissent dans un bo\u00eetier sp\u00e9cial d&rsquo;un encombrement tr\u00e8s r\u00e9duit et d&rsquo;un impact esth\u00e9tique minimal, toujours situ\u00e9 dans un endroit pratique \u00e0 proximit\u00e9 de la maison. Tout simplement g\u00e9nial.<\/p>\n<\/div><\/div><\/div><\/div><\/div><\/div><\/div><\/section><section class=\"l-section wpb_row us_custom_b03640aa height_medium\"><div class=\"l-section-h i-cf\"><div class=\"g-cols vc_row via_flex valign_top type_default stacking_default\"><div class=\"vc_col-sm-12 wpb_column vc_column_container\"><div class=\"vc_column-inner\"><div class=\"wpb_wrapper\"><div class=\"w-btn-wrapper align_center\"><a class=\"w-btn us-btn-style_2\" title=\"Contact\" href=\"\/fr\/contact\/\"><span class=\"w-btn-label\">Contact<\/span><\/a><\/div><div class=\"w-separator size_medium\"><\/div><\/div><\/div><\/div><\/div><\/div><\/section>\n","protected":false},"excerpt":{"rendered":"","protected":false},"author":2,"featured_media":1336,"parent":2072,"menu_order":0,"comment_status":"closed","ping_status":"closed","template":"","meta":{"footnotes":""},"class_list":["post-2116","page","type-page","status-publish","has-post-thumbnail","hentry"],"acf":[],"yoast_head":"<!-- This site is optimized with the Yoast SEO plugin v27.2 - https:\/\/yoast.com\/product\/yoast-seo-wordpress\/ -->\n<title>Abri de piscine t\u00e9lescopique - Covertto<\/title>\n<meta name=\"robots\" content=\"index, follow, max-snippet:-1, max-image-preview:large, max-video-preview:-1\" \/>\n<link rel=\"canonical\" href=\"https:\/\/testbeta.desarrolloproyectoswp.com\/fr\/guide-dabris-de-piscine\/abri-de-piscine-telescopique\/\" \/>\n<meta property=\"og:locale\" content=\"fr_FR\" \/>\n<meta property=\"og:type\" content=\"article\" \/>\n<meta property=\"og:title\" content=\"Abri de piscine t\u00e9lescopique - Covertto\" \/>\n<meta property=\"og:url\" content=\"https:\/\/testbeta.desarrolloproyectoswp.com\/fr\/guide-dabris-de-piscine\/abri-de-piscine-telescopique\/\" \/>\n<meta property=\"og:site_name\" content=\"Covertto\" \/>\n<meta property=\"article:modified_time\" content=\"2022-12-09T18:16:37+00:00\" \/>\n<meta property=\"og:image\" content=\"https:\/\/testbeta.desarrolloproyectoswp.com\/wp-content\/uploads\/2022\/11\/coperture-telescopiche-alte-per-piscine-private-platino-telescopica-003-1024x682-1.jpg\" \/>\n\t<meta property=\"og:image:width\" content=\"1024\" \/>\n\t<meta property=\"og:image:height\" content=\"682\" \/>\n\t<meta property=\"og:image:type\" content=\"image\/jpeg\" \/>\n<meta name=\"twitter:card\" content=\"summary_large_image\" \/>\n<meta name=\"twitter:label1\" content=\"Dur\u00e9e de lecture estim\u00e9e\" \/>\n\t<meta name=\"twitter:data1\" content=\"3 minutes\" \/>\n<script type=\"application\/ld+json\" class=\"yoast-schema-graph\">{\"@context\":\"https:\/\/schema.org\",\"@graph\":[{\"@type\":\"WebPage\",\"@id\":\"https:\/\/testbeta.desarrolloproyectoswp.com\/fr\/guide-dabris-de-piscine\/abri-de-piscine-telescopique\/\",\"url\":\"https:\/\/testbeta.desarrolloproyectoswp.com\/fr\/guide-dabris-de-piscine\/abri-de-piscine-telescopique\/\",\"name\":\"Abri de piscine t\u00e9lescopique - Covertto\",\"isPartOf\":{\"@id\":\"https:\/\/testbeta.desarrolloproyectoswp.com\/fr\/#website\"},\"primaryImageOfPage\":{\"@id\":\"https:\/\/testbeta.desarrolloproyectoswp.com\/fr\/guide-dabris-de-piscine\/abri-de-piscine-telescopique\/#primaryimage\"},\"image\":{\"@id\":\"https:\/\/testbeta.desarrolloproyectoswp.com\/fr\/guide-dabris-de-piscine\/abri-de-piscine-telescopique\/#primaryimage\"},\"thumbnailUrl\":\"https:\/\/testbeta.desarrolloproyectoswp.com\/wp-content\/uploads\/2022\/11\/coperture-telescopiche-alte-per-piscine-private-platino-telescopica-003-1024x682-1.jpg\",\"datePublished\":\"2022-11-01T23:00:34+00:00\",\"dateModified\":\"2022-12-09T18:16:37+00:00\",\"breadcrumb\":{\"@id\":\"https:\/\/testbeta.desarrolloproyectoswp.com\/fr\/guide-dabris-de-piscine\/abri-de-piscine-telescopique\/#breadcrumb\"},\"inLanguage\":\"fr-FR\",\"potentialAction\":[{\"@type\":\"ReadAction\",\"target\":[\"https:\/\/testbeta.desarrolloproyectoswp.com\/fr\/guide-dabris-de-piscine\/abri-de-piscine-telescopique\/\"]}]},{\"@type\":\"ImageObject\",\"inLanguage\":\"fr-FR\",\"@id\":\"https:\/\/testbeta.desarrolloproyectoswp.com\/fr\/guide-dabris-de-piscine\/abri-de-piscine-telescopique\/#primaryimage\",\"url\":\"https:\/\/testbeta.desarrolloproyectoswp.com\/wp-content\/uploads\/2022\/11\/coperture-telescopiche-alte-per-piscine-private-platino-telescopica-003-1024x682-1.jpg\",\"contentUrl\":\"https:\/\/testbeta.desarrolloproyectoswp.com\/wp-content\/uploads\/2022\/11\/coperture-telescopiche-alte-per-piscine-private-platino-telescopica-003-1024x682-1.jpg\",\"width\":1024,\"height\":682},{\"@type\":\"BreadcrumbList\",\"@id\":\"https:\/\/testbeta.desarrolloproyectoswp.com\/fr\/guide-dabris-de-piscine\/abri-de-piscine-telescopique\/#breadcrumb\",\"itemListElement\":[{\"@type\":\"ListItem\",\"position\":1,\"name\":\"Portada\",\"item\":\"https:\/\/testbeta.desarrolloproyectoswp.com\/fr\/\"},{\"@type\":\"ListItem\",\"position\":2,\"name\":\"Guide d\u2019Abris de piscine\",\"item\":\"https:\/\/testbeta.desarrolloproyectoswp.com\/fr\/guide-dabris-de-piscine\/\"},{\"@type\":\"ListItem\",\"position\":3,\"name\":\"Abri de piscine t\u00e9lescopique\"}]},{\"@type\":\"WebSite\",\"@id\":\"https:\/\/testbeta.desarrolloproyectoswp.com\/fr\/#website\",\"url\":\"https:\/\/testbeta.desarrolloproyectoswp.com\/fr\/\",\"name\":\"Covertto\",\"description\":\"Cubiertas para Piscinas en Aluminio\",\"potentialAction\":[{\"@type\":\"SearchAction\",\"target\":{\"@type\":\"EntryPoint\",\"urlTemplate\":\"https:\/\/testbeta.desarrolloproyectoswp.com\/fr\/?s={search_term_string}\"},\"query-input\":{\"@type\":\"PropertyValueSpecification\",\"valueRequired\":true,\"valueName\":\"search_term_string\"}}],\"inLanguage\":\"fr-FR\"}]}<\/script>\n<!-- \/ Yoast SEO plugin. -->","yoast_head_json":{"title":"Abri de piscine t\u00e9lescopique - Covertto","robots":{"index":"index","follow":"follow","max-snippet":"max-snippet:-1","max-image-preview":"max-image-preview:large","max-video-preview":"max-video-preview:-1"},"canonical":"https:\/\/testbeta.desarrolloproyectoswp.com\/fr\/guide-dabris-de-piscine\/abri-de-piscine-telescopique\/","og_locale":"fr_FR","og_type":"article","og_title":"Abri de piscine t\u00e9lescopique - Covertto","og_url":"https:\/\/testbeta.desarrolloproyectoswp.com\/fr\/guide-dabris-de-piscine\/abri-de-piscine-telescopique\/","og_site_name":"Covertto","article_modified_time":"2022-12-09T18:16:37+00:00","og_image":[{"width":1024,"height":682,"url":"https:\/\/testbeta.desarrolloproyectoswp.com\/wp-content\/uploads\/2022\/11\/coperture-telescopiche-alte-per-piscine-private-platino-telescopica-003-1024x682-1.jpg","type":"image\/jpeg"}],"twitter_card":"summary_large_image","twitter_misc":{"Dur\u00e9e de lecture estim\u00e9e":"3 minutes"},"schema":{"@context":"https:\/\/schema.org","@graph":[{"@type":"WebPage","@id":"https:\/\/testbeta.desarrolloproyectoswp.com\/fr\/guide-dabris-de-piscine\/abri-de-piscine-telescopique\/","url":"https:\/\/testbeta.desarrolloproyectoswp.com\/fr\/guide-dabris-de-piscine\/abri-de-piscine-telescopique\/","name":"Abri de piscine t\u00e9lescopique - Covertto","isPartOf":{"@id":"https:\/\/testbeta.desarrolloproyectoswp.com\/fr\/#website"},"primaryImageOfPage":{"@id":"https:\/\/testbeta.desarrolloproyectoswp.com\/fr\/guide-dabris-de-piscine\/abri-de-piscine-telescopique\/#primaryimage"},"image":{"@id":"https:\/\/testbeta.desarrolloproyectoswp.com\/fr\/guide-dabris-de-piscine\/abri-de-piscine-telescopique\/#primaryimage"},"thumbnailUrl":"https:\/\/testbeta.desarrolloproyectoswp.com\/wp-content\/uploads\/2022\/11\/coperture-telescopiche-alte-per-piscine-private-platino-telescopica-003-1024x682-1.jpg","datePublished":"2022-11-01T23:00:34+00:00","dateModified":"2022-12-09T18:16:37+00:00","breadcrumb":{"@id":"https:\/\/testbeta.desarrolloproyectoswp.com\/fr\/guide-dabris-de-piscine\/abri-de-piscine-telescopique\/#breadcrumb"},"inLanguage":"fr-FR","potentialAction":[{"@type":"ReadAction","target":["https:\/\/testbeta.desarrolloproyectoswp.com\/fr\/guide-dabris-de-piscine\/abri-de-piscine-telescopique\/"]}]},{"@type":"ImageObject","inLanguage":"fr-FR","@id":"https:\/\/testbeta.desarrolloproyectoswp.com\/fr\/guide-dabris-de-piscine\/abri-de-piscine-telescopique\/#primaryimage","url":"https:\/\/testbeta.desarrolloproyectoswp.com\/wp-content\/uploads\/2022\/11\/coperture-telescopiche-alte-per-piscine-private-platino-telescopica-003-1024x682-1.jpg","contentUrl":"https:\/\/testbeta.desarrolloproyectoswp.com\/wp-content\/uploads\/2022\/11\/coperture-telescopiche-alte-per-piscine-private-platino-telescopica-003-1024x682-1.jpg","width":1024,"height":682},{"@type":"BreadcrumbList","@id":"https:\/\/testbeta.desarrolloproyectoswp.com\/fr\/guide-dabris-de-piscine\/abri-de-piscine-telescopique\/#breadcrumb","itemListElement":[{"@type":"ListItem","position":1,"name":"Portada","item":"https:\/\/testbeta.desarrolloproyectoswp.com\/fr\/"},{"@type":"ListItem","position":2,"name":"Guide d\u2019Abris de piscine","item":"https:\/\/testbeta.desarrolloproyectoswp.com\/fr\/guide-dabris-de-piscine\/"},{"@type":"ListItem","position":3,"name":"Abri de piscine t\u00e9lescopique"}]},{"@type":"WebSite","@id":"https:\/\/testbeta.desarrolloproyectoswp.com\/fr\/#website","url":"https:\/\/testbeta.desarrolloproyectoswp.com\/fr\/","name":"Covertto","description":"Cubiertas para Piscinas en Aluminio","potentialAction":[{"@type":"SearchAction","target":{"@type":"EntryPoint","urlTemplate":"https:\/\/testbeta.desarrolloproyectoswp.com\/fr\/?s={search_term_string}"},"query-input":{"@type":"PropertyValueSpecification","valueRequired":true,"valueName":"search_term_string"}}],"inLanguage":"fr-FR"}]}},"_links":{"self":[{"href":"https:\/\/testbeta.desarrolloproyectoswp.com\/fr\/wp-json\/wp\/v2\/pages\/2116","targetHints":{"allow":["GET"]}}],"collection":[{"href":"https:\/\/testbeta.desarrolloproyectoswp.com\/fr\/wp-json\/wp\/v2\/pages"}],"about":[{"href":"https:\/\/testbeta.desarrolloproyectoswp.com\/fr\/wp-json\/wp\/v2\/types\/page"}],"author":[{"embeddable":true,"href":"https:\/\/testbeta.desarrolloproyectoswp.com\/fr\/wp-json\/wp\/v2\/users\/2"}],"replies":[{"embeddable":true,"href":"https:\/\/testbeta.desarrolloproyectoswp.com\/fr\/wp-json\/wp\/v2\/comments?post=2116"}],"version-history":[{"count":0,"href":"https:\/\/testbeta.desarrolloproyectoswp.com\/fr\/wp-json\/wp\/v2\/pages\/2116\/revisions"}],"up":[{"embeddable":true,"href":"https:\/\/testbeta.desarrolloproyectoswp.com\/fr\/wp-json\/wp\/v2\/pages\/2072"}],"wp:featuredmedia":[{"embeddable":true,"href":"https:\/\/testbeta.desarrolloproyectoswp.com\/fr\/wp-json\/wp\/v2\/media\/1336"}],"wp:attachment":[{"href":"https:\/\/testbeta.desarrolloproyectoswp.com\/fr\/wp-json\/wp\/v2\/media?parent=2116"}],"curies":[{"name":"wp","href":"https:\/\/api.w.org\/{rel}","templated":true}]}}